{"id":3167,"date":"2019-01-08T13:35:50","date_gmt":"2019-01-08T13:35:50","guid":{"rendered":"http:\/\/casabravo.cl\/?post_type=product&#038;p=3167"},"modified":"2019-01-08T21:34:08","modified_gmt":"2019-01-08T21:34:08","slug":"tintas-magenta-100-cc-botella","status":"publish","type":"product","link":"https:\/\/casabravo.cl\/?product=tintas-magenta-100-cc-botella","title":{"rendered":"TINTA EN BOTELLA 100 ML"},"content":{"rendered":"<p>BOTELLA TINTA<\/p>\n<p><strong>CARACTER\u00cdSTICAS:<\/strong><\/p>\n<p>APLICACI\u00d3N: TINTA PARA IMPRESORA<\/p>\n<p>TIPO: RECARGA<\/p>\n<p>TAMA\u00d1O: BOTELLA 100 ML<\/p>\n<p>COLOR: MAGENTA<\/p>\n<p>C\u00d3DIGO: 001224<\/p>\n<p>&nbsp;<\/p>\n<p>&nbsp;<\/p>\n","protected":false},"excerpt":{"rendered":"<p>BOTELLA TINTA CARACTER\u00cdSTICAS: APLICACI\u00d3N: TINTA PARA IMPRESORA TIPO: RECARGA TAMA\u00d1O: BOTELLA 100 ML COLOR: MAGENTA C\u00d3DIGO: 001224 &nbsp; &nbsp;<\/p>\n","protected":false},"featured_media":3194,"comment_status":"open","ping_status":"closed","template":"","meta":[],"_links":{"self":[{"href":"https:\/\/casabravo.cl\/index.php?rest_route=\/wp\/v2\/product\/3167"}],"collection":[{"href":"https:\/\/casabravo.cl\/index.php?rest_route=\/wp\/v2\/product"}],"about":[{"href":"https:\/\/casabravo.cl\/index.php?rest_route=\/wp\/v2\/types\/product"}],"replies":[{"embeddable":true,"href":"https:\/\/casabravo.cl\/index.php?rest_route=%2Fwp%2Fv2%2Fcomments&post=3167"}],"wp:featuredmedia":[{"embeddable":true,"href":"https:\/\/casabravo.cl\/index.php?rest_route=\/wp\/v2\/media\/3194"}],"wp:attachment":[{"href":"https:\/\/casabravo.cl\/index.php?rest_route=%2Fwp%2Fv2%2Fmedia&parent=3167"}],"curies":[{"name":"wp","href":"https:\/\/api.w.org\/{rel}","templated":true}]}}