{"id":3166,"date":"2019-01-08T13:15:09","date_gmt":"2019-01-08T13:15:09","guid":{"rendered":"http:\/\/casabravo.cl\/?post_type=product&#038;p=3166"},"modified":"2019-01-08T20:00:50","modified_gmt":"2019-01-08T20:00:50","slug":"tinta-negra-100-ml-botella","status":"publish","type":"product","link":"https:\/\/casabravo.cl\/?product=tinta-negra-100-ml-botella","title":{"rendered":"TINTA EN BOTELLA 100 ML"},"content":{"rendered":"<p>BOTELLA TINTA<\/p>\n<p><strong>CARACTER\u00cdSTICAS:<\/strong><\/p>\n<p>APLICACI\u00d3N: TINTA PARA IMPRESORA<\/p>\n<p>TIPO: RECARGA<\/p>\n<p>TAMA\u00d1O: BOTELLA 100 ML<\/p>\n<p>COLOR: NEGRO<\/p>\n<p>C\u00d3DIGO: 000642<\/p>\n<p>&nbsp;<\/p>\n","protected":false},"excerpt":{"rendered":"<p>BOTELLA TINTA CARACTER\u00cdSTICAS: APLICACI\u00d3N: TINTA PARA IMPRESORA TIPO: RECARGA TAMA\u00d1O: BOTELLA 100 ML COLOR: NEGRO C\u00d3DIGO: 000642 &nbsp;<\/p>\n","protected":false},"featured_media":3200,"comment_status":"open","ping_status":"closed","template":"","meta":[],"_links":{"self":[{"href":"https:\/\/casabravo.cl\/index.php?rest_route=\/wp\/v2\/product\/3166"}],"collection":[{"href":"https:\/\/casabravo.cl\/index.php?rest_route=\/wp\/v2\/product"}],"about":[{"href":"https:\/\/casabravo.cl\/index.php?rest_route=\/wp\/v2\/types\/product"}],"replies":[{"embeddable":true,"href":"https:\/\/casabravo.cl\/index.php?rest_route=%2Fwp%2Fv2%2Fcomments&post=3166"}],"wp:featuredmedia":[{"embeddable":true,"href":"https:\/\/casabravo.cl\/index.php?rest_route=\/wp\/v2\/media\/3200"}],"wp:attachment":[{"href":"https:\/\/casabravo.cl\/index.php?rest_route=%2Fwp%2Fv2%2Fmedia&parent=3166"}],"curies":[{"name":"wp","href":"https:\/\/api.w.org\/{rel}","templated":true}]}}