{"id":3162,"date":"2019-01-08T12:55:51","date_gmt":"2019-01-08T12:55:51","guid":{"rendered":"http:\/\/casabravo.cl\/?post_type=product&#038;p=3162"},"modified":"2019-01-19T16:00:10","modified_gmt":"2019-01-19T16:00:10","slug":"campana-ufo-deco-200w-c-faldon","status":"publish","type":"product","link":"https:\/\/casabravo.cl\/?product=campana-ufo-deco-200w-c-faldon","title":{"rendered":"CAMPANA LED UFO 200 WATTS CON FALD\u00d3N"},"content":{"rendered":"<p>CAMPANA LED<\/p>\n<p><strong>CARACTER\u00cdSTICAS:<\/strong><\/p>\n<p>APLICACI\u00d3N: CAMPANA UFO 200 WATTS CON FALD\u00d3N CROMADO<\/p>\n<p>TIPO: PARA USO EN TIENDAS, SUPERMERCADOS, HOTELES,<\/p>\n<p>ESPACIOS P\u00daBLICOS, GRAN COBERTURA DE M\u00c1S DE 120\u00ba<\/p>\n<p>POTENCIA: 200 WATTS &#8211; IP65<\/p>\n<p>COLOR: LUZ FR\u00cdA (6000K)<\/p>\n<p>LUMINOSIDAD: 22.000 L\u00daMENES<\/p>\n<p>C\u00d3DIGO: 001261<\/p>\n<p>&nbsp;<\/p>\n","protected":false},"excerpt":{"rendered":"<p>CAMPANA LED CARACTER\u00cdSTICAS: APLICACI\u00d3N: CAMPANA UFO 200 WATTS CON FALD\u00d3N CROMADO TIPO: PARA USO EN TIENDAS, SUPERMERCADOS, HOTELES, ESPACIOS P\u00daBLICOS, GRAN COBERTURA DE M\u00c1S DE 120\u00ba POTENCIA: 200 WATTS &#8211; IP65 COLOR: LUZ FR\u00cdA (6000K) LUMINOSIDAD: 22.000 L\u00daMENES C\u00d3DIGO: 001261 &nbsp;<\/p>\n","protected":false},"featured_media":0,"comment_status":"open","ping_status":"closed","template":"","meta":[],"_links":{"self":[{"href":"https:\/\/casabravo.cl\/index.php?rest_route=\/wp\/v2\/product\/3162"}],"collection":[{"href":"https:\/\/casabravo.cl\/index.php?rest_route=\/wp\/v2\/product"}],"about":[{"href":"https:\/\/casabravo.cl\/index.php?rest_route=\/wp\/v2\/types\/product"}],"replies":[{"embeddable":true,"href":"https:\/\/casabravo.cl\/index.php?rest_route=%2Fwp%2Fv2%2Fcomments&post=3162"}],"wp:attachment":[{"href":"https:\/\/casabravo.cl\/index.php?rest_route=%2Fwp%2Fv2%2Fmedia&parent=3162"}],"curies":[{"name":"wp","href":"https:\/\/api.w.org\/{rel}","templated":true}]}}