{"id":3150,"date":"2019-01-07T19:33:13","date_gmt":"2019-01-07T19:33:13","guid":{"rendered":"http:\/\/casabravo.cl\/?post_type=product&#038;p=3150"},"modified":"2024-04-16T16:25:23","modified_gmt":"2024-04-16T16:25:23","slug":"pad-teclado-goma-apoya-muneca","status":"publish","type":"product","link":"https:\/\/casabravo.cl\/?product=pad-teclado-goma-apoya-muneca","title":{"rendered":"PAD TECLADO GOMA (APOYA MU\u00d1ECA)"},"content":{"rendered":"<p>PAD TECLADO<\/p>\n<p><strong>CARACTER\u00cdSTICAS:<\/strong><\/p>\n<p>APLICACI\u00d3N: PARA TECLADO<\/p>\n<p>TIPO: APOYA MU\u00d1ECA DE GOMA<\/p>\n<p>COLOR: AZUL MARINO<\/p>\n<p>C\u00d3DIGO: 001139<\/p>\n","protected":false},"excerpt":{"rendered":"<p>PAD TECLADO CARACTER\u00cdSTICAS: APLICACI\u00d3N: PARA TECLADO TIPO: APOYA MU\u00d1ECA DE GOMA COLOR: AZUL MARINO C\u00d3DIGO: 001139<\/p>\n","protected":false},"featured_media":3151,"comment_status":"open","ping_status":"closed","template":"","meta":[],"_links":{"self":[{"href":"https:\/\/casabravo.cl\/index.php?rest_route=\/wp\/v2\/product\/3150"}],"collection":[{"href":"https:\/\/casabravo.cl\/index.php?rest_route=\/wp\/v2\/product"}],"about":[{"href":"https:\/\/casabravo.cl\/index.php?rest_route=\/wp\/v2\/types\/product"}],"replies":[{"embeddable":true,"href":"https:\/\/casabravo.cl\/index.php?rest_route=%2Fwp%2Fv2%2Fcomments&post=3150"}],"wp:featuredmedia":[{"embeddable":true,"href":"https:\/\/casabravo.cl\/index.php?rest_route=\/wp\/v2\/media\/3151"}],"wp:attachment":[{"href":"https:\/\/casabravo.cl\/index.php?rest_route=%2Fwp%2Fv2%2Fmedia&parent=3150"}],"curies":[{"name":"wp","href":"https:\/\/api.w.org\/{rel}","templated":true}]}}