{"id":315,"date":"2016-05-09T21:07:04","date_gmt":"2016-05-09T21:07:04","guid":{"rendered":"http:\/\/casabravo.cl\/?post_type=product&#038;p=315"},"modified":"2023-04-11T15:12:32","modified_gmt":"2023-04-11T15:12:32","slug":"antena-7-dbi","status":"publish","type":"product","link":"https:\/\/casabravo.cl\/?product=antena-7-dbi","title":{"rendered":"ANTENA WIFI DIRECCIONAL 7DBI"},"content":{"rendered":"<p>ANTENA<\/p>\n<p><strong>CARACTER\u00cdSTICAS:<\/strong><\/p>\n<p>APLICACI\u00d3N: ANTENA WIFI<\/p>\n<p>TIPO: DIRECCIONAL DE 7DBI CON BASE<\/p>\n<p>FRECUENCIA DE RANGO: 2.4GHZ &#8211; 2.5GHZ<\/p>\n<p>MARCA: TENDA<\/p>\n<p>C\u00d3DIGI: 001148<\/p>\n<p>&nbsp;<\/p>\n","protected":false},"excerpt":{"rendered":"<p>ANTENA CARACTER\u00cdSTICAS: APLICACI\u00d3N: ANTENA WIFI TIPO: DIRECCIONAL DE 7DBI CON BASE FRECUENCIA DE RANGO: 2.4GHZ &#8211; 2.5GHZ MARCA: TENDA C\u00d3DIGI: 001148 &nbsp;<\/p>\n","protected":false},"featured_media":316,"comment_status":"open","ping_status":"closed","template":"","meta":[],"_links":{"self":[{"href":"https:\/\/casabravo.cl\/index.php?rest_route=\/wp\/v2\/product\/315"}],"collection":[{"href":"https:\/\/casabravo.cl\/index.php?rest_route=\/wp\/v2\/product"}],"about":[{"href":"https:\/\/casabravo.cl\/index.php?rest_route=\/wp\/v2\/types\/product"}],"replies":[{"embeddable":true,"href":"https:\/\/casabravo.cl\/index.php?rest_route=%2Fwp%2Fv2%2Fcomments&post=315"}],"wp:featuredmedia":[{"embeddable":true,"href":"https:\/\/casabravo.cl\/index.php?rest_route=\/wp\/v2\/media\/316"}],"wp:attachment":[{"href":"https:\/\/casabravo.cl\/index.php?rest_route=%2Fwp%2Fv2%2Fmedia&parent=315"}],"curies":[{"name":"wp","href":"https:\/\/api.w.org\/{rel}","templated":true}]}}