{"id":3142,"date":"2019-01-07T15:15:17","date_gmt":"2019-01-07T15:15:17","guid":{"rendered":"http:\/\/casabravo.cl\/?post_type=product&#038;p=3142"},"modified":"2024-08-21T15:29:16","modified_gmt":"2024-08-21T15:29:16","slug":"mousepd-live-abstract-line","status":"publish","type":"product","link":"https:\/\/casabravo.cl\/?product=mousepd-live-abstract-line","title":{"rendered":"PAD MOUSE CON APOYA MU\u00d1ECA"},"content":{"rendered":"<p>PAD MOUSE<\/p>\n<p><strong>CARACTER\u00cdSTICAS:<\/strong><\/p>\n<p>APLICACI\u00d3N: PARA MOUSE<\/p>\n<p>TIPO: PAD CON APOYA MU\u00d1ECA<\/p>\n<p>DISE\u00d1O: LISO<\/p>\n<p>MATERIAL: GOMA<\/p>\n<p>C\u00d3DIGO: 001726<\/p>\n","protected":false},"excerpt":{"rendered":"<p>PAD MOUSE CARACTER\u00cdSTICAS: APLICACI\u00d3N: PARA MOUSE TIPO: PAD CON APOYA MU\u00d1ECA DISE\u00d1O: LISO MATERIAL: GOMA C\u00d3DIGO: 001726<\/p>\n","protected":false},"featured_media":3147,"comment_status":"open","ping_status":"closed","template":"","meta":[],"_links":{"self":[{"href":"https:\/\/casabravo.cl\/index.php?rest_route=\/wp\/v2\/product\/3142"}],"collection":[{"href":"https:\/\/casabravo.cl\/index.php?rest_route=\/wp\/v2\/product"}],"about":[{"href":"https:\/\/casabravo.cl\/index.php?rest_route=\/wp\/v2\/types\/product"}],"replies":[{"embeddable":true,"href":"https:\/\/casabravo.cl\/index.php?rest_route=%2Fwp%2Fv2%2Fcomments&post=3142"}],"wp:featuredmedia":[{"embeddable":true,"href":"https:\/\/casabravo.cl\/index.php?rest_route=\/wp\/v2\/media\/3147"}],"wp:attachment":[{"href":"https:\/\/casabravo.cl\/index.php?rest_route=%2Fwp%2Fv2%2Fmedia&parent=3142"}],"curies":[{"name":"wp","href":"https:\/\/api.w.org\/{rel}","templated":true}]}}