{"id":3141,"date":"2019-01-07T15:11:39","date_gmt":"2019-01-07T15:11:39","guid":{"rendered":"http:\/\/casabravo.cl\/?post_type=product&#038;p=3141"},"modified":"2019-02-07T19:30:35","modified_gmt":"2019-02-07T19:30:35","slug":"pad-mouse-palmera-y-auto","status":"publish","type":"product","link":"https:\/\/casabravo.cl\/?product=pad-mouse-palmera-y-auto","title":{"rendered":"PAD MOUSE B\u00c1SICO CON DISE\u00d1O"},"content":{"rendered":"<p>PAD MOUSE<\/p>\n<p><strong>CARACTER\u00cdSTICAS:<\/strong><\/p>\n<p>APLICACI\u00d3N: PARA MOUSE<\/p>\n<p>TIPO: PAD LISO<\/p>\n<p>DISE\u00d1O: PALMERA Y\/O AUTO<\/p>\n<p>C\u00d3DIGO: 001120<\/p>\n<p>&nbsp;<\/p>\n","protected":false},"excerpt":{"rendered":"<p>PAD MOUSE CARACTER\u00cdSTICAS: APLICACI\u00d3N: PARA MOUSE TIPO: PAD LISO DISE\u00d1O: PALMERA Y\/O AUTO C\u00d3DIGO: 001120 &nbsp;<\/p>\n","protected":false},"featured_media":3966,"comment_status":"open","ping_status":"closed","template":"","meta":[],"_links":{"self":[{"href":"https:\/\/casabravo.cl\/index.php?rest_route=\/wp\/v2\/product\/3141"}],"collection":[{"href":"https:\/\/casabravo.cl\/index.php?rest_route=\/wp\/v2\/product"}],"about":[{"href":"https:\/\/casabravo.cl\/index.php?rest_route=\/wp\/v2\/types\/product"}],"replies":[{"embeddable":true,"href":"https:\/\/casabravo.cl\/index.php?rest_route=%2Fwp%2Fv2%2Fcomments&post=3141"}],"wp:featuredmedia":[{"embeddable":true,"href":"https:\/\/casabravo.cl\/index.php?rest_route=\/wp\/v2\/media\/3966"}],"wp:attachment":[{"href":"https:\/\/casabravo.cl\/index.php?rest_route=%2Fwp%2Fv2%2Fmedia&parent=3141"}],"curies":[{"name":"wp","href":"https:\/\/api.w.org\/{rel}","templated":true}]}}