{"id":3125,"date":"2019-01-07T13:22:36","date_gmt":"2019-01-07T13:22:36","guid":{"rendered":"http:\/\/casabravo.cl\/?post_type=product&#038;p=3125"},"modified":"2020-09-25T20:53:15","modified_gmt":"2020-09-25T20:53:15","slug":"teclado-usb-gaming-scorpion-ilum","status":"publish","type":"product","link":"https:\/\/casabravo.cl\/?product=teclado-usb-gaming-scorpion-ilum","title":{"rendered":"TECLADO USB GAMING"},"content":{"rendered":"<p>TECLADO<\/p>\n<p><strong>CARACTER\u00cdSTICAS:<\/strong><\/p>\n<p>APLICACI\u00d3N: TECLADO USB<\/p>\n<p>TIPO: GAMING KEYBOARD<\/p>\n<p>MODELO: SCORPION<\/p>\n<p>COLOR: NEGRO<\/p>\n<p>MARCA: GENIUS<\/p>\n<p>C\u00d3DIGO: 001292<\/p>\n","protected":false},"excerpt":{"rendered":"<p>TECLADO CARACTER\u00cdSTICAS: APLICACI\u00d3N: TECLADO USB TIPO: GAMING KEYBOARD MODELO: SCORPION COLOR: NEGRO MARCA: GENIUS C\u00d3DIGO: 001292<\/p>\n","protected":false},"featured_media":3127,"comment_status":"open","ping_status":"closed","template":"","meta":[],"_links":{"self":[{"href":"https:\/\/casabravo.cl\/index.php?rest_route=\/wp\/v2\/product\/3125"}],"collection":[{"href":"https:\/\/casabravo.cl\/index.php?rest_route=\/wp\/v2\/product"}],"about":[{"href":"https:\/\/casabravo.cl\/index.php?rest_route=\/wp\/v2\/types\/product"}],"replies":[{"embeddable":true,"href":"https:\/\/casabravo.cl\/index.php?rest_route=%2Fwp%2Fv2%2Fcomments&post=3125"}],"wp:featuredmedia":[{"embeddable":true,"href":"https:\/\/casabravo.cl\/index.php?rest_route=\/wp\/v2\/media\/3127"}],"wp:attachment":[{"href":"https:\/\/casabravo.cl\/index.php?rest_route=%2Fwp%2Fv2%2Fmedia&parent=3125"}],"curies":[{"name":"wp","href":"https:\/\/api.w.org\/{rel}","templated":true}]}}