{"id":3123,"date":"2019-01-07T13:50:43","date_gmt":"2019-01-07T13:50:43","guid":{"rendered":"http:\/\/casabravo.cl\/?post_type=product&#038;p=3123"},"modified":"2022-05-19T21:41:38","modified_gmt":"2022-05-19T21:41:38","slug":"kit-teclado-y-mouse-usb-alambrico","status":"publish","type":"product","link":"https:\/\/casabravo.cl\/?product=kit-teclado-y-mouse-usb-alambrico","title":{"rendered":"KIT TECLADO Y MOUSE USB ALAMBRICO GENIUS"},"content":{"rendered":"<p>KIT<\/p>\n<p><strong>CARACTER\u00cdSTICAS:<\/strong><\/p>\n<p>APLICACI\u00d3N: TECLADO Y MOUSE<\/p>\n<p>TIPO: USB AL\u00c1MBRICO<\/p>\n<p>MARCA: GENIUS<\/p>\n<p>C\u00d3DIGO: 001136<\/p>\n","protected":false},"excerpt":{"rendered":"<p>KIT CARACTER\u00cdSTICAS: APLICACI\u00d3N: TECLADO Y MOUSE TIPO: USB AL\u00c1MBRICO MARCA: GENIUS C\u00d3DIGO: 001136<\/p>\n","protected":false},"featured_media":3136,"comment_status":"open","ping_status":"closed","template":"","meta":[],"_links":{"self":[{"href":"https:\/\/casabravo.cl\/index.php?rest_route=\/wp\/v2\/product\/3123"}],"collection":[{"href":"https:\/\/casabravo.cl\/index.php?rest_route=\/wp\/v2\/product"}],"about":[{"href":"https:\/\/casabravo.cl\/index.php?rest_route=\/wp\/v2\/types\/product"}],"replies":[{"embeddable":true,"href":"https:\/\/casabravo.cl\/index.php?rest_route=%2Fwp%2Fv2%2Fcomments&post=3123"}],"wp:featuredmedia":[{"embeddable":true,"href":"https:\/\/casabravo.cl\/index.php?rest_route=\/wp\/v2\/media\/3136"}],"wp:attachment":[{"href":"https:\/\/casabravo.cl\/index.php?rest_route=%2Fwp%2Fv2%2Fmedia&parent=3123"}],"curies":[{"name":"wp","href":"https:\/\/api.w.org\/{rel}","templated":true}]}}