{"id":3117,"date":"2019-01-07T14:22:29","date_gmt":"2019-01-07T14:22:29","guid":{"rendered":"http:\/\/casabravo.cl\/?post_type=product&#038;p=3117"},"modified":"2020-09-25T16:11:53","modified_gmt":"2020-09-25T16:11:53","slug":"kit-teclado-y-mouse-inalambrico","status":"publish","type":"product","link":"https:\/\/casabravo.cl\/?product=kit-teclado-y-mouse-inalambrico","title":{"rendered":"KIT TECLADO Y MOUSE INALAMBRICO"},"content":{"rendered":"<p>KIT<\/p>\n<p><strong>CARACTER\u00cdSTICAS:<\/strong><\/p>\n<p>APLICACI\u00d3N: TECLADO Y MOUSE<\/p>\n<p>TIPO: INAL\u00c1MBRICO<\/p>\n<p>C\u00d3DIGO: 000658<\/p>\n<p>&nbsp;<\/p>\n","protected":false},"excerpt":{"rendered":"<p>KIT CARACTER\u00cdSTICAS: APLICACI\u00d3N: TECLADO Y MOUSE TIPO: INAL\u00c1MBRICO C\u00d3DIGO: 000658 &nbsp;<\/p>\n","protected":false},"featured_media":0,"comment_status":"open","ping_status":"closed","template":"","meta":[],"_links":{"self":[{"href":"https:\/\/casabravo.cl\/index.php?rest_route=\/wp\/v2\/product\/3117"}],"collection":[{"href":"https:\/\/casabravo.cl\/index.php?rest_route=\/wp\/v2\/product"}],"about":[{"href":"https:\/\/casabravo.cl\/index.php?rest_route=\/wp\/v2\/types\/product"}],"replies":[{"embeddable":true,"href":"https:\/\/casabravo.cl\/index.php?rest_route=%2Fwp%2Fv2%2Fcomments&post=3117"}],"wp:attachment":[{"href":"https:\/\/casabravo.cl\/index.php?rest_route=%2Fwp%2Fv2%2Fmedia&parent=3117"}],"curies":[{"name":"wp","href":"https:\/\/api.w.org\/{rel}","templated":true}]}}