{"id":3102,"date":"2018-12-29T16:08:39","date_gmt":"2018-12-29T16:08:39","guid":{"rendered":"http:\/\/casabravo.cl\/?post_type=product&#038;p=3102"},"modified":"2019-01-08T20:13:02","modified_gmt":"2019-01-08T20:13:02","slug":"tarjeta-pci-usb-20-mas-4-puertos","status":"publish","type":"product","link":"https:\/\/casabravo.cl\/?product=tarjeta-pci-usb-20-mas-4-puertos","title":{"rendered":"TARJETA PCI USB 2,0 + 4 PUERTOS"},"content":{"rendered":"<p>TARJETA<\/p>\n<p><strong>CARACTER\u00cdSTICAS:<\/strong><\/p>\n<p>APLICACI\u00d3N: USB 2.0<\/p>\n<p>TIPO: TARJETA PCI 4 PUERTOS USB<\/p>\n<p>C\u00d3DIGO: 000364<\/p>\n<p>&nbsp;<\/p>\n","protected":false},"excerpt":{"rendered":"<p>TARJETA CARACTER\u00cdSTICAS: APLICACI\u00d3N: USB 2.0 TIPO: TARJETA PCI 4 PUERTOS USB C\u00d3DIGO: 000364 &nbsp;<\/p>\n","protected":false},"featured_media":0,"comment_status":"open","ping_status":"closed","template":"","meta":[],"_links":{"self":[{"href":"https:\/\/casabravo.cl\/index.php?rest_route=\/wp\/v2\/product\/3102"}],"collection":[{"href":"https:\/\/casabravo.cl\/index.php?rest_route=\/wp\/v2\/product"}],"about":[{"href":"https:\/\/casabravo.cl\/index.php?rest_route=\/wp\/v2\/types\/product"}],"replies":[{"embeddable":true,"href":"https:\/\/casabravo.cl\/index.php?rest_route=%2Fwp%2Fv2%2Fcomments&post=3102"}],"wp:attachment":[{"href":"https:\/\/casabravo.cl\/index.php?rest_route=%2Fwp%2Fv2%2Fmedia&parent=3102"}],"curies":[{"name":"wp","href":"https:\/\/api.w.org\/{rel}","templated":true}]}}