{"id":3094,"date":"2018-12-29T15:36:49","date_gmt":"2018-12-29T15:36:49","guid":{"rendered":"http:\/\/casabravo.cl\/?post_type=product&#038;p=3094"},"modified":"2019-01-08T19:25:42","modified_gmt":"2019-01-08T19:25:42","slug":"toallitas-de-limpieza","status":"publish","type":"product","link":"https:\/\/casabravo.cl\/?product=toallitas-de-limpieza","title":{"rendered":"TOALLITAS DE LIMPIEZA"},"content":{"rendered":"<p>TOALLITAS<\/p>\n<p><strong>CARACTER\u00cdSTICAS:<\/strong><\/p>\n<p>APLICACI\u00d3N: TODO TIPO DE PANTALLAS<\/p>\n<p>TIPO: TOALLAS H\u00daMEDAS<\/p>\n<p>C\u00d3DIGO: 000659<\/p>\n<p>&nbsp;<\/p>\n","protected":false},"excerpt":{"rendered":"<p>TOALLITAS CARACTER\u00cdSTICAS: APLICACI\u00d3N: TODO TIPO DE PANTALLAS TIPO: TOALLAS H\u00daMEDAS C\u00d3DIGO: 000659 &nbsp;<\/p>\n","protected":false},"featured_media":3185,"comment_status":"open","ping_status":"closed","template":"","meta":[],"_links":{"self":[{"href":"https:\/\/casabravo.cl\/index.php?rest_route=\/wp\/v2\/product\/3094"}],"collection":[{"href":"https:\/\/casabravo.cl\/index.php?rest_route=\/wp\/v2\/product"}],"about":[{"href":"https:\/\/casabravo.cl\/index.php?rest_route=\/wp\/v2\/types\/product"}],"replies":[{"embeddable":true,"href":"https:\/\/casabravo.cl\/index.php?rest_route=%2Fwp%2Fv2%2Fcomments&post=3094"}],"wp:featuredmedia":[{"embeddable":true,"href":"https:\/\/casabravo.cl\/index.php?rest_route=\/wp\/v2\/media\/3185"}],"wp:attachment":[{"href":"https:\/\/casabravo.cl\/index.php?rest_route=%2Fwp%2Fv2%2Fmedia&parent=3094"}],"curies":[{"name":"wp","href":"https:\/\/api.w.org\/{rel}","templated":true}]}}