{"id":3041,"date":"2018-12-29T13:00:34","date_gmt":"2018-12-29T13:00:34","guid":{"rendered":"http:\/\/casabravo.cl\/?post_type=product&#038;p=3041"},"modified":"2020-12-19T16:45:26","modified_gmt":"2020-12-19T16:45:26","slug":"audifonos-bluetooh-modelo-mx333","status":"publish","type":"product","link":"https:\/\/casabravo.cl\/?product=audifonos-bluetooh-modelo-mx333","title":{"rendered":"AUDIFONOS BLUETOOTH"},"content":{"rendered":"<p>AUD\u00cdFONOS<\/p>\n<p><strong>CARACTER\u00cdSTICAS:<\/strong><\/p>\n<p>APLICACI\u00d3N: AUD\u00cdFONOS<\/p>\n<p>TIPO: BLUETOOTH<\/p>\n<p>C\u00d3DIGO: 000959<\/p>\n<p>&nbsp;<\/p>\n","protected":false},"excerpt":{"rendered":"<p>AUD\u00cdFONOS CARACTER\u00cdSTICAS: APLICACI\u00d3N: AUD\u00cdFONOS TIPO: BLUETOOTH C\u00d3DIGO: 000959 &nbsp;<\/p>\n","protected":false},"featured_media":3042,"comment_status":"open","ping_status":"closed","template":"","meta":[],"_links":{"self":[{"href":"https:\/\/casabravo.cl\/index.php?rest_route=\/wp\/v2\/product\/3041"}],"collection":[{"href":"https:\/\/casabravo.cl\/index.php?rest_route=\/wp\/v2\/product"}],"about":[{"href":"https:\/\/casabravo.cl\/index.php?rest_route=\/wp\/v2\/types\/product"}],"replies":[{"embeddable":true,"href":"https:\/\/casabravo.cl\/index.php?rest_route=%2Fwp%2Fv2%2Fcomments&post=3041"}],"wp:featuredmedia":[{"embeddable":true,"href":"https:\/\/casabravo.cl\/index.php?rest_route=\/wp\/v2\/media\/3042"}],"wp:attachment":[{"href":"https:\/\/casabravo.cl\/index.php?rest_route=%2Fwp%2Fv2%2Fmedia&parent=3041"}],"curies":[{"name":"wp","href":"https:\/\/api.w.org\/{rel}","templated":true}]}}