{"id":3011,"date":"2018-12-28T20:26:58","date_gmt":"2018-12-28T20:26:58","guid":{"rendered":"http:\/\/casabravo.cl\/?post_type=product&#038;p=3011"},"modified":"2018-12-28T20:58:02","modified_gmt":"2018-12-28T20:58:02","slug":"mochila-15-para-notebook-4","status":"publish","type":"product","link":"https:\/\/casabravo.cl\/?product=mochila-15-para-notebook-4","title":{"rendered":"MOCHILA NOTEBOOK 15.0&#8243;"},"content":{"rendered":"<p>MOCHILA<\/p>\n<p><strong>CARACTER\u00cdSTICAS:<\/strong><\/p>\n<p>APLICACI\u00d3N: NOTEBOOK 15.0&#8243;<\/p>\n<p>TIPO: MOCHILA ACOLCHADA<\/p>\n<p>COLOR: NEGRA<\/p>\n<p>C\u00d3DIGO: 001192<\/p>\n<p>&nbsp;<\/p>\n","protected":false},"excerpt":{"rendered":"<p>MOCHILA CARACTER\u00cdSTICAS: APLICACI\u00d3N: NOTEBOOK 15.0&#8243; TIPO: MOCHILA ACOLCHADA COLOR: NEGRA C\u00d3DIGO: 001192 &nbsp;<\/p>\n","protected":false},"featured_media":0,"comment_status":"open","ping_status":"closed","template":"","meta":[],"_links":{"self":[{"href":"https:\/\/casabravo.cl\/index.php?rest_route=\/wp\/v2\/product\/3011"}],"collection":[{"href":"https:\/\/casabravo.cl\/index.php?rest_route=\/wp\/v2\/product"}],"about":[{"href":"https:\/\/casabravo.cl\/index.php?rest_route=\/wp\/v2\/types\/product"}],"replies":[{"embeddable":true,"href":"https:\/\/casabravo.cl\/index.php?rest_route=%2Fwp%2Fv2%2Fcomments&post=3011"}],"wp:attachment":[{"href":"https:\/\/casabravo.cl\/index.php?rest_route=%2Fwp%2Fv2%2Fmedia&parent=3011"}],"curies":[{"name":"wp","href":"https:\/\/api.w.org\/{rel}","templated":true}]}}