{"id":2996,"date":"2018-12-28T19:31:14","date_gmt":"2018-12-28T19:31:14","guid":{"rendered":"http:\/\/casabravo.cl\/?post_type=product&#038;p=2996"},"modified":"2020-11-26T20:09:42","modified_gmt":"2020-11-26T20:09:42","slug":"cable-audio-video-rca-2x1-alta-calidad-10-mts-azul","status":"publish","type":"product","link":"https:\/\/casabravo.cl\/?product=cable-audio-video-rca-2x1-alta-calidad-10-mts-azul","title":{"rendered":"CABLE AUDIO PLUG 3.5MM A 2RCA  10.0 METROS"},"content":{"rendered":"<p>CABLE AUDIO<\/p>\n<p><strong>CARACTER\u00cdSTICAS:<\/strong><\/p>\n<p>APLICACI\u00d3N: AUDIO ALTA CALIDAD<\/p>\n<p>TIPO: PLUG 3.5 A 2RCA<\/p>\n<p>LARGO: 10.0 METROS<\/p>\n<p>COLOR: AZUL<\/p>\n<p>C\u00d3DIGO: 000873<\/p>\n<p>&nbsp;<\/p>\n","protected":false},"excerpt":{"rendered":"<p>CABLE AUDIO CARACTER\u00cdSTICAS: APLICACI\u00d3N: AUDIO ALTA CALIDAD TIPO: PLUG 3.5 A 2RCA LARGO: 10.0 METROS COLOR: AZUL C\u00d3DIGO: 000873 &nbsp;<\/p>\n","protected":false},"featured_media":2987,"comment_status":"open","ping_status":"closed","template":"","meta":[],"_links":{"self":[{"href":"https:\/\/casabravo.cl\/index.php?rest_route=\/wp\/v2\/product\/2996"}],"collection":[{"href":"https:\/\/casabravo.cl\/index.php?rest_route=\/wp\/v2\/product"}],"about":[{"href":"https:\/\/casabravo.cl\/index.php?rest_route=\/wp\/v2\/types\/product"}],"replies":[{"embeddable":true,"href":"https:\/\/casabravo.cl\/index.php?rest_route=%2Fwp%2Fv2%2Fcomments&post=2996"}],"wp:featuredmedia":[{"embeddable":true,"href":"https:\/\/casabravo.cl\/index.php?rest_route=\/wp\/v2\/media\/2987"}],"wp:attachment":[{"href":"https:\/\/casabravo.cl\/index.php?rest_route=%2Fwp%2Fv2%2Fmedia&parent=2996"}],"curies":[{"name":"wp","href":"https:\/\/api.w.org\/{rel}","templated":true}]}}