{"id":2954,"date":"2018-12-28T13:56:54","date_gmt":"2018-12-28T13:56:54","guid":{"rendered":"http:\/\/casabravo.cl\/?post_type=product&#038;p=2954"},"modified":"2021-06-23T15:19:14","modified_gmt":"2021-06-23T15:19:14","slug":"cable-usb-3-0-m-h-1-5-metros","status":"publish","type":"product","link":"https:\/\/casabravo.cl\/?product=cable-usb-3-0-m-h-1-5-metros","title":{"rendered":"CABLE USB 3.0 MACHO\/HEMBRA"},"content":{"rendered":"<p>CABLE USB<\/p>\n<p><strong>CARACTER\u00cdSTICAS:<\/strong><\/p>\n<p>APLICACI\u00d3N: USB 3.0<\/p>\n<p>TIPO: MACHO-HEMBRA<\/p>\n<p>LARGO: 1.5 METROS<\/p>\n<p>C\u00d3DIGO: 001920<\/p>\n<p>&nbsp;<\/p>\n","protected":false},"excerpt":{"rendered":"<p>CABLE USB CARACTER\u00cdSTICAS: APLICACI\u00d3N: USB 3.0 TIPO: MACHO-HEMBRA LARGO: 1.5 METROS C\u00d3DIGO: 001920 &nbsp;<\/p>\n","protected":false},"featured_media":2955,"comment_status":"open","ping_status":"closed","template":"","meta":[],"_links":{"self":[{"href":"https:\/\/casabravo.cl\/index.php?rest_route=\/wp\/v2\/product\/2954"}],"collection":[{"href":"https:\/\/casabravo.cl\/index.php?rest_route=\/wp\/v2\/product"}],"about":[{"href":"https:\/\/casabravo.cl\/index.php?rest_route=\/wp\/v2\/types\/product"}],"replies":[{"embeddable":true,"href":"https:\/\/casabravo.cl\/index.php?rest_route=%2Fwp%2Fv2%2Fcomments&post=2954"}],"wp:featuredmedia":[{"embeddable":true,"href":"https:\/\/casabravo.cl\/index.php?rest_route=\/wp\/v2\/media\/2955"}],"wp:attachment":[{"href":"https:\/\/casabravo.cl\/index.php?rest_route=%2Fwp%2Fv2%2Fmedia&parent=2954"}],"curies":[{"name":"wp","href":"https:\/\/api.w.org\/{rel}","templated":true}]}}