{"id":2944,"date":"2018-12-28T13:40:32","date_gmt":"2018-12-28T13:40:32","guid":{"rendered":"http:\/\/casabravo.cl\/?post_type=product&#038;p=2944"},"modified":"2025-07-29T22:03:37","modified_gmt":"2025-07-29T22:03:37","slug":"alargador-electrica-tres-vertical-con-2-usb","status":"publish","type":"product","link":"https:\/\/casabravo.cl\/?product=alargador-electrica-tres-vertical-con-2-usb","title":{"rendered":"ALARGADOR 6 TOMAS 3.0 MTS."},"content":{"rendered":"<p>ALARGADOR<\/p>\n<p><strong>CARACTER\u00cdSTICAS:<\/strong><\/p>\n<p>APLICACI\u00d3N: ALARGADOR<\/p>\n<p>TIPO: 6 TOMAS<\/p>\n<p>COLOR: BLANCO<\/p>\n<p>LARGO: 3.0 METROS<\/p>\n<p>C\u00d3DIGO: 001081<\/p>\n<p>FOTO DE REFERENCIA<\/p>\n","protected":false},"excerpt":{"rendered":"<p>ALARGADOR CARACTER\u00cdSTICAS: APLICACI\u00d3N: ALARGADOR TIPO: 6 TOMAS COLOR: BLANCO LARGO: 3.0 METROS C\u00d3DIGO: 001081 FOTO DE REFERENCIA<\/p>\n","protected":false},"featured_media":5630,"comment_status":"open","ping_status":"closed","template":"","meta":[],"_links":{"self":[{"href":"https:\/\/casabravo.cl\/index.php?rest_route=\/wp\/v2\/product\/2944"}],"collection":[{"href":"https:\/\/casabravo.cl\/index.php?rest_route=\/wp\/v2\/product"}],"about":[{"href":"https:\/\/casabravo.cl\/index.php?rest_route=\/wp\/v2\/types\/product"}],"replies":[{"embeddable":true,"href":"https:\/\/casabravo.cl\/index.php?rest_route=%2Fwp%2Fv2%2Fcomments&post=2944"}],"wp:featuredmedia":[{"embeddable":true,"href":"https:\/\/casabravo.cl\/index.php?rest_route=\/wp\/v2\/media\/5630"}],"wp:attachment":[{"href":"https:\/\/casabravo.cl\/index.php?rest_route=%2Fwp%2Fv2%2Fmedia&parent=2944"}],"curies":[{"name":"wp","href":"https:\/\/api.w.org\/{rel}","templated":true}]}}