{"id":2921,"date":"2018-12-27T21:37:21","date_gmt":"2018-12-27T21:37:21","guid":{"rendered":"http:\/\/casabravo.cl\/?post_type=product&#038;p=2921"},"modified":"2020-07-10T14:17:54","modified_gmt":"2020-07-10T14:17:54","slug":"bolso-notebook-15-mickey-mouse-color","status":"publish","type":"product","link":"https:\/\/casabravo.cl\/?product=bolso-notebook-15-mickey-mouse-color","title":{"rendered":"BOLSO NOTEBOOK DISNEY"},"content":{"rendered":"<p>BOLSO<\/p>\n<p><strong>CARACTER\u00cdSTICAS:<\/strong><\/p>\n<p>APLICACI\u00d3N: BOLSO NOTEBOOK 15&#8243;<\/p>\n<p>TIPO: CON CORREA<\/p>\n<p>MODELO: MICKEY MOUSE COLOR<\/p>\n<p>MARCA: DISNEY<\/p>\n<p>C\u00d3DIGO: 001359<\/p>\n<p>&nbsp;<\/p>\n","protected":false},"excerpt":{"rendered":"<p>BOLSO CARACTER\u00cdSTICAS: APLICACI\u00d3N: BOLSO NOTEBOOK 15&#8243; TIPO: CON CORREA MODELO: MICKEY MOUSE COLOR MARCA: DISNEY C\u00d3DIGO: 001359 &nbsp;<\/p>\n","protected":false},"featured_media":0,"comment_status":"open","ping_status":"closed","template":"","meta":[],"_links":{"self":[{"href":"https:\/\/casabravo.cl\/index.php?rest_route=\/wp\/v2\/product\/2921"}],"collection":[{"href":"https:\/\/casabravo.cl\/index.php?rest_route=\/wp\/v2\/product"}],"about":[{"href":"https:\/\/casabravo.cl\/index.php?rest_route=\/wp\/v2\/types\/product"}],"replies":[{"embeddable":true,"href":"https:\/\/casabravo.cl\/index.php?rest_route=%2Fwp%2Fv2%2Fcomments&post=2921"}],"wp:attachment":[{"href":"https:\/\/casabravo.cl\/index.php?rest_route=%2Fwp%2Fv2%2Fmedia&parent=2921"}],"curies":[{"name":"wp","href":"https:\/\/api.w.org\/{rel}","templated":true}]}}