{"id":2912,"date":"2018-12-27T21:18:19","date_gmt":"2018-12-27T21:18:19","guid":{"rendered":"http:\/\/casabravo.cl\/?post_type=product&#038;p=2912"},"modified":"2021-03-29T21:30:41","modified_gmt":"2021-03-29T21:30:41","slug":"funda-notebook-146-negra-con-cierre","status":"publish","type":"product","link":"https:\/\/casabravo.cl\/?product=funda-notebook-146-negra-con-cierre","title":{"rendered":"FUNDA NOTEBOOK CON CIERRE"},"content":{"rendered":"<p>FUNDA<\/p>\n<p><strong>CARACTER\u00cdSTICAS:<\/strong><\/p>\n<p>APLICACI\u00d3N: NOTEBOOK 14.6&#8243;<\/p>\n<p>TIPO: FUNDA CON CIERRE<\/p>\n<p>COLOR: NEGRO<\/p>\n<p>C\u00d3DIGO: 000490<\/p>\n","protected":false},"excerpt":{"rendered":"<p>FUNDA CARACTER\u00cdSTICAS: APLICACI\u00d3N: NOTEBOOK 14.6&#8243; TIPO: FUNDA CON CIERRE COLOR: NEGRO C\u00d3DIGO: 000490<\/p>\n","protected":false},"featured_media":0,"comment_status":"open","ping_status":"closed","template":"","meta":[],"_links":{"self":[{"href":"https:\/\/casabravo.cl\/index.php?rest_route=\/wp\/v2\/product\/2912"}],"collection":[{"href":"https:\/\/casabravo.cl\/index.php?rest_route=\/wp\/v2\/product"}],"about":[{"href":"https:\/\/casabravo.cl\/index.php?rest_route=\/wp\/v2\/types\/product"}],"replies":[{"embeddable":true,"href":"https:\/\/casabravo.cl\/index.php?rest_route=%2Fwp%2Fv2%2Fcomments&post=2912"}],"wp:attachment":[{"href":"https:\/\/casabravo.cl\/index.php?rest_route=%2Fwp%2Fv2%2Fmedia&parent=2912"}],"curies":[{"name":"wp","href":"https:\/\/api.w.org\/{rel}","templated":true}]}}