{"id":2911,"date":"2018-12-27T21:15:17","date_gmt":"2018-12-27T21:15:17","guid":{"rendered":"http:\/\/casabravo.cl\/?post_type=product&#038;p=2911"},"modified":"2024-07-02T00:36:36","modified_gmt":"2024-07-02T00:36:36","slug":"funda-notebook-15-acolchada-roja-manillas","status":"publish","type":"product","link":"https:\/\/casabravo.cl\/?product=funda-notebook-15-acolchada-roja-manillas","title":{"rendered":"FUNDA NOTEBOOK"},"content":{"rendered":"<p>FUNDA<\/p>\n<p><strong>CARACTER\u00cdSTICAS:<\/strong><\/p>\n<p>APLICACI\u00d3N: PARA NOTEBOOK 15&#8243;<\/p>\n<p>TIPO: FUNDA ACOLCHADA CON MANILLAS<\/p>\n<p>COLOR: ROJA<\/p>\n<p>C\u00d3DIGO: 000491<\/p>\n<p>&nbsp;<\/p>\n","protected":false},"excerpt":{"rendered":"<p>FUNDA CARACTER\u00cdSTICAS: APLICACI\u00d3N: PARA NOTEBOOK 15&#8243; TIPO: FUNDA ACOLCHADA CON MANILLAS COLOR: ROJA C\u00d3DIGO: 000491 &nbsp;<\/p>\n","protected":false},"featured_media":0,"comment_status":"open","ping_status":"closed","template":"","meta":[],"_links":{"self":[{"href":"https:\/\/casabravo.cl\/index.php?rest_route=\/wp\/v2\/product\/2911"}],"collection":[{"href":"https:\/\/casabravo.cl\/index.php?rest_route=\/wp\/v2\/product"}],"about":[{"href":"https:\/\/casabravo.cl\/index.php?rest_route=\/wp\/v2\/types\/product"}],"replies":[{"embeddable":true,"href":"https:\/\/casabravo.cl\/index.php?rest_route=%2Fwp%2Fv2%2Fcomments&post=2911"}],"wp:attachment":[{"href":"https:\/\/casabravo.cl\/index.php?rest_route=%2Fwp%2Fv2%2Fmedia&parent=2911"}],"curies":[{"name":"wp","href":"https:\/\/api.w.org\/{rel}","templated":true}]}}