{"id":2900,"date":"2018-12-27T20:21:22","date_gmt":"2018-12-27T20:21:22","guid":{"rendered":"http:\/\/casabravo.cl\/?post_type=product&#038;p=2900"},"modified":"2019-03-06T19:07:57","modified_gmt":"2019-03-06T19:07:57","slug":"foco-led-slim-cw-80w-6400-lumines-30000-hrs-ip65","status":"publish","type":"product","link":"https:\/\/casabravo.cl\/?product=foco-led-slim-cw-80w-6400-lumines-30000-hrs-ip65","title":{"rendered":"FOCO PROYECTOR DE \u00c1REA LED SLIM 80 WATTS"},"content":{"rendered":"<p>FOCO LED<\/p>\n<p><strong>CARACTER\u00cdSTICAS:<\/strong><\/p>\n<p>APLICACI\u00d3N: FOCO LED\u00a0 IP65<\/p>\n<p>TIPO: PROYECTOR DE \u00c1REA SLIM<\/p>\n<p>COLOR: LUZ FR\u00cdA (6500K)<\/p>\n<p>LUMINOSIDAD:6.400 L\u00daMENES<\/p>\n<p>POTENCIA: 80 WATTS<\/p>\n<p>VIDA \u00daTIL: 30.000 HORAS<\/p>\n<p>C\u00d3DIGO: 000556<\/p>\n<p>&nbsp;<\/p>\n","protected":false},"excerpt":{"rendered":"<p>FOCO LED CARACTER\u00cdSTICAS: APLICACI\u00d3N: FOCO LED\u00a0 IP65 TIPO: PROYECTOR DE \u00c1REA SLIM COLOR: LUZ FR\u00cdA (6500K) LUMINOSIDAD:6.400 L\u00daMENES POTENCIA: 80 WATTS VIDA \u00daTIL: 30.000 HORAS C\u00d3DIGO: 000556 &nbsp;<\/p>\n","protected":false},"featured_media":0,"comment_status":"open","ping_status":"closed","template":"","meta":[],"_links":{"self":[{"href":"https:\/\/casabravo.cl\/index.php?rest_route=\/wp\/v2\/product\/2900"}],"collection":[{"href":"https:\/\/casabravo.cl\/index.php?rest_route=\/wp\/v2\/product"}],"about":[{"href":"https:\/\/casabravo.cl\/index.php?rest_route=\/wp\/v2\/types\/product"}],"replies":[{"embeddable":true,"href":"https:\/\/casabravo.cl\/index.php?rest_route=%2Fwp%2Fv2%2Fcomments&post=2900"}],"wp:attachment":[{"href":"https:\/\/casabravo.cl\/index.php?rest_route=%2Fwp%2Fv2%2Fmedia&parent=2900"}],"curies":[{"name":"wp","href":"https:\/\/api.w.org\/{rel}","templated":true}]}}