{"id":290,"date":"2016-05-05T22:15:42","date_gmt":"2016-05-05T22:15:42","guid":{"rendered":"http:\/\/casabravo.cl\/?post_type=product&#038;p=290"},"modified":"2020-10-13T21:56:21","modified_gmt":"2020-10-13T21:56:21","slug":"router-wifi-300-mbps-antenas-robot","status":"publish","type":"product","link":"https:\/\/casabravo.cl\/?product=router-wifi-300-mbps-antenas-robot","title":{"rendered":"ROUTER WIFI 300 MBPS DOS ANTENAS"},"content":{"rendered":"<p>ROUTER<\/p>\n<p><strong>CARACTER\u00cdSTICAS:<\/strong><\/p>\n<p>APLICACI\u00d3N: ROUTER WIFI<\/p>\n<p>TIPO: 300MBPS<\/p>\n<p>ANTENAS: 2 ANTENAS 5DBI<\/p>\n<p>MODELO: TL-WR840N<\/p>\n<p>MARCA: TP-LINK<\/p>\n<p>C\u00d3DIGO: 000073<\/p>\n<p>&nbsp;<\/p>\n<p>&nbsp;<\/p>\n","protected":false},"excerpt":{"rendered":"<p>ROUTER CARACTER\u00cdSTICAS: APLICACI\u00d3N: ROUTER WIFI TIPO: 300MBPS ANTENAS: 2 ANTENAS 5DBI MODELO: TL-WR840N MARCA: TP-LINK C\u00d3DIGO: 000073 &nbsp; &nbsp;<\/p>\n","protected":false},"featured_media":283,"comment_status":"open","ping_status":"closed","template":"","meta":[],"_links":{"self":[{"href":"https:\/\/casabravo.cl\/index.php?rest_route=\/wp\/v2\/product\/290"}],"collection":[{"href":"https:\/\/casabravo.cl\/index.php?rest_route=\/wp\/v2\/product"}],"about":[{"href":"https:\/\/casabravo.cl\/index.php?rest_route=\/wp\/v2\/types\/product"}],"replies":[{"embeddable":true,"href":"https:\/\/casabravo.cl\/index.php?rest_route=%2Fwp%2Fv2%2Fcomments&post=290"}],"wp:featuredmedia":[{"embeddable":true,"href":"https:\/\/casabravo.cl\/index.php?rest_route=\/wp\/v2\/media\/283"}],"wp:attachment":[{"href":"https:\/\/casabravo.cl\/index.php?rest_route=%2Fwp%2Fv2%2Fmedia&parent=290"}],"curies":[{"name":"wp","href":"https:\/\/api.w.org\/{rel}","templated":true}]}}