{"id":2837,"date":"2018-12-20T20:45:05","date_gmt":"2018-12-20T20:45:05","guid":{"rendered":"http:\/\/casabravo.cl\/?post_type=product&#038;p=2837"},"modified":"2024-07-12T10:09:13","modified_gmt":"2024-07-12T10:09:13","slug":"powerline-adaptador-starter-kit-2","status":"publish","type":"product","link":"https:\/\/casabravo.cl\/?product=powerline-adaptador-starter-kit-2","title":{"rendered":"ADAPTADOR POWERLINE SE\u00d1AL"},"content":{"rendered":"<p>ADAPTADOR<\/p>\n<p><strong>CARACTER\u00cdSTICAS:<\/strong><\/p>\n<p>APLICACI\u00d3N: ADAPTADOR A LA CORRIENTE<\/p>\n<p>TIPO: POWERLINE 500 MBPS<\/p>\n<p>RANGO: 300 METROS<\/p>\n<p>MARCA: TP-LINK<\/p>\n<p>C\u00d3DIGO: 000346<\/p>\n","protected":false},"excerpt":{"rendered":"<p>ADAPTADOR CARACTER\u00cdSTICAS: APLICACI\u00d3N: ADAPTADOR A LA CORRIENTE TIPO: POWERLINE 500 MBPS RANGO: 300 METROS MARCA: TP-LINK C\u00d3DIGO: 000346<\/p>\n","protected":false},"featured_media":0,"comment_status":"open","ping_status":"closed","template":"","meta":[],"_links":{"self":[{"href":"https:\/\/casabravo.cl\/index.php?rest_route=\/wp\/v2\/product\/2837"}],"collection":[{"href":"https:\/\/casabravo.cl\/index.php?rest_route=\/wp\/v2\/product"}],"about":[{"href":"https:\/\/casabravo.cl\/index.php?rest_route=\/wp\/v2\/types\/product"}],"replies":[{"embeddable":true,"href":"https:\/\/casabravo.cl\/index.php?rest_route=%2Fwp%2Fv2%2Fcomments&post=2837"}],"wp:attachment":[{"href":"https:\/\/casabravo.cl\/index.php?rest_route=%2Fwp%2Fv2%2Fmedia&parent=2837"}],"curies":[{"name":"wp","href":"https:\/\/api.w.org\/{rel}","templated":true}]}}