{"id":2762,"date":"2018-12-20T12:50:29","date_gmt":"2018-12-20T12:50:29","guid":{"rendered":"http:\/\/casabravo.cl\/?post_type=product&#038;p=2762"},"modified":"2024-06-03T20:22:41","modified_gmt":"2024-06-03T20:22:41","slug":"soporte-tv-14-42-35kg","status":"publish","type":"product","link":"https:\/\/casabravo.cl\/?product=soporte-tv-14-42-35kg","title":{"rendered":"SOPORTE 14&#8243;-27&#8243; LCD\/LED"},"content":{"rendered":"<p>SOPORTE<\/p>\n<p><strong>CARACTER\u00cdSTICAS:<\/strong><\/p>\n<p>APLICACI\u00d3N: SOPORTE TELEVISI\u00d3N<\/p>\n<p>TIPO: FIJACI\u00d3N AL MURO<\/p>\n<p>PULGADAS: 14&#8243; A 27&#8243;<\/p>\n<p>VESA MAX. 100 x 100mm<\/p>\n<p>AJUSTE HORIZONTAL: 180\u00ba<\/p>\n<p>AJUSTE VERTICAL : 30\u00ba<\/p>\n<p>DISTANCIA LA MURO: 300 mm<\/p>\n<p>CAPACIDAD DE CARGA: 10 KILOS<\/p>\n<p>C\u00d3DIGO: 054396<\/p>\n","protected":false},"excerpt":{"rendered":"<p>SOPORTE CARACTER\u00cdSTICAS: APLICACI\u00d3N: SOPORTE TELEVISI\u00d3N TIPO: FIJACI\u00d3N AL MURO PULGADAS: 14&#8243; A 27&#8243; VESA MAX. 100 x 100mm AJUSTE HORIZONTAL: 180\u00ba AJUSTE VERTICAL : 30\u00ba DISTANCIA LA MURO: 300 mm CAPACIDAD DE CARGA: 10 KILOS C\u00d3DIGO: 054396<\/p>\n","protected":false},"featured_media":0,"comment_status":"open","ping_status":"closed","template":"","meta":[],"_links":{"self":[{"href":"https:\/\/casabravo.cl\/index.php?rest_route=\/wp\/v2\/product\/2762"}],"collection":[{"href":"https:\/\/casabravo.cl\/index.php?rest_route=\/wp\/v2\/product"}],"about":[{"href":"https:\/\/casabravo.cl\/index.php?rest_route=\/wp\/v2\/types\/product"}],"replies":[{"embeddable":true,"href":"https:\/\/casabravo.cl\/index.php?rest_route=%2Fwp%2Fv2%2Fcomments&post=2762"}],"wp:attachment":[{"href":"https:\/\/casabravo.cl\/index.php?rest_route=%2Fwp%2Fv2%2Fmedia&parent=2762"}],"curies":[{"name":"wp","href":"https:\/\/api.w.org\/{rel}","templated":true}]}}