{"id":2740,"date":"2018-12-19T19:28:10","date_gmt":"2018-12-19T19:28:10","guid":{"rendered":"http:\/\/casabravo.cl\/?post_type=product&#038;p=2740"},"modified":"2024-08-18T15:30:03","modified_gmt":"2024-08-18T15:30:03","slug":"chicote-red-300-metros-categoria-5e-cable-azul","status":"publish","type":"product","link":"https:\/\/casabravo.cl\/?product=chicote-red-300-metros-categoria-5e-cable-azul","title":{"rendered":"CABLE RED 30,0 METROS CATEGOR\u00cdA 5e"},"content":{"rendered":"<p>CHICOTE RED<\/p>\n<p><strong>CARACTER\u00cdSTICAS:<\/strong><\/p>\n<p>APLICACI\u00d3N: CABLE RED CONEXI\u00d3N INTERNET<\/p>\n<p>TIPO: CATEGOR\u00cdA 5e<\/p>\n<p>LARGO: 30.0 METROS<\/p>\n<p>COLOR: AZUL<\/p>\n<p>C\u00d3DIGO: 000376<\/p>\n<p>&nbsp;<\/p>\n","protected":false},"excerpt":{"rendered":"<p>CHICOTE RED CARACTER\u00cdSTICAS: APLICACI\u00d3N: CABLE RED CONEXI\u00d3N INTERNET TIPO: CATEGOR\u00cdA 5e LARGO: 30.0 METROS COLOR: AZUL C\u00d3DIGO: 000376 &nbsp;<\/p>\n","protected":false},"featured_media":2757,"comment_status":"open","ping_status":"closed","template":"","meta":[],"_links":{"self":[{"href":"https:\/\/casabravo.cl\/index.php?rest_route=\/wp\/v2\/product\/2740"}],"collection":[{"href":"https:\/\/casabravo.cl\/index.php?rest_route=\/wp\/v2\/product"}],"about":[{"href":"https:\/\/casabravo.cl\/index.php?rest_route=\/wp\/v2\/types\/product"}],"replies":[{"embeddable":true,"href":"https:\/\/casabravo.cl\/index.php?rest_route=%2Fwp%2Fv2%2Fcomments&post=2740"}],"wp:featuredmedia":[{"embeddable":true,"href":"https:\/\/casabravo.cl\/index.php?rest_route=\/wp\/v2\/media\/2757"}],"wp:attachment":[{"href":"https:\/\/casabravo.cl\/index.php?rest_route=%2Fwp%2Fv2%2Fmedia&parent=2740"}],"curies":[{"name":"wp","href":"https:\/\/api.w.org\/{rel}","templated":true}]}}