{"id":2738,"date":"2018-12-19T19:26:56","date_gmt":"2018-12-19T19:26:56","guid":{"rendered":"http:\/\/casabravo.cl\/?post_type=product&#038;p=2738"},"modified":"2021-03-30T15:40:19","modified_gmt":"2021-03-30T15:40:19","slug":"chicote-red-150-metros-categoria-5e-cable-gris","status":"publish","type":"product","link":"https:\/\/casabravo.cl\/?product=chicote-red-150-metros-categoria-5e-cable-gris","title":{"rendered":"CABLE RED 15,0 METROS CATEGOR\u00cdA 5e"},"content":{"rendered":"<p>CHICOTE RED<\/p>\n<p><strong>CARACTER\u00cdSTICAS:<\/strong><\/p>\n<p>APLICACI\u00d3N: CABLE RED CONEXI\u00d3N INTERNET<\/p>\n<p>TIPO: CATEGOR\u00cdA 5e<\/p>\n<p>LARGO: 15.0 METROS<\/p>\n<p>COLOR: AZUL<\/p>\n<p>C\u00d3DIGO: 000374<\/p>\n<p>&nbsp;<\/p>\n","protected":false},"excerpt":{"rendered":"<p>CHICOTE RED CARACTER\u00cdSTICAS: APLICACI\u00d3N: CABLE RED CONEXI\u00d3N INTERNET TIPO: CATEGOR\u00cdA 5e LARGO: 15.0 METROS COLOR: AZUL C\u00d3DIGO: 000374 &nbsp;<\/p>\n","protected":false},"featured_media":2757,"comment_status":"open","ping_status":"closed","template":"","meta":[],"_links":{"self":[{"href":"https:\/\/casabravo.cl\/index.php?rest_route=\/wp\/v2\/product\/2738"}],"collection":[{"href":"https:\/\/casabravo.cl\/index.php?rest_route=\/wp\/v2\/product"}],"about":[{"href":"https:\/\/casabravo.cl\/index.php?rest_route=\/wp\/v2\/types\/product"}],"replies":[{"embeddable":true,"href":"https:\/\/casabravo.cl\/index.php?rest_route=%2Fwp%2Fv2%2Fcomments&post=2738"}],"wp:featuredmedia":[{"embeddable":true,"href":"https:\/\/casabravo.cl\/index.php?rest_route=\/wp\/v2\/media\/2757"}],"wp:attachment":[{"href":"https:\/\/casabravo.cl\/index.php?rest_route=%2Fwp%2Fv2%2Fmedia&parent=2738"}],"curies":[{"name":"wp","href":"https:\/\/api.w.org\/{rel}","templated":true}]}}