{"id":2736,"date":"2018-12-19T19:24:29","date_gmt":"2018-12-19T19:24:29","guid":{"rendered":"http:\/\/casabravo.cl\/?post_type=product&#038;p=2736"},"modified":"2021-03-30T16:00:34","modified_gmt":"2021-03-30T16:00:34","slug":"chicote-red-2-0-mts-categoria-5e-gris","status":"publish","type":"product","link":"https:\/\/casabravo.cl\/?product=chicote-red-2-0-mts-categoria-5e-gris","title":{"rendered":"CABLE RED 2.0 MTS. CATEGOR\u00cdA 5e"},"content":{"rendered":"<p>CHICOTE RED<\/p>\n<p><strong>CARACTER\u00cdSTICAS:<\/strong><\/p>\n<p>APLICACI\u00d3N: CABLE RED CONEXI\u00d3N INTERNET<\/p>\n<p>TIPO: CATEGOR\u00cdA 5e<\/p>\n<p>LARGO: 2.0 METROS<\/p>\n<p>COLOR: GRIS<\/p>\n<p>C\u00d3DIGO: 054425<\/p>\n<p>&nbsp;<\/p>\n","protected":false},"excerpt":{"rendered":"<p>CHICOTE RED CARACTER\u00cdSTICAS: APLICACI\u00d3N: CABLE RED CONEXI\u00d3N INTERNET TIPO: CATEGOR\u00cdA 5e LARGO: 2.0 METROS COLOR: GRIS C\u00d3DIGO: 054425 &nbsp;<\/p>\n","protected":false},"featured_media":0,"comment_status":"open","ping_status":"closed","template":"","meta":[],"_links":{"self":[{"href":"https:\/\/casabravo.cl\/index.php?rest_route=\/wp\/v2\/product\/2736"}],"collection":[{"href":"https:\/\/casabravo.cl\/index.php?rest_route=\/wp\/v2\/product"}],"about":[{"href":"https:\/\/casabravo.cl\/index.php?rest_route=\/wp\/v2\/types\/product"}],"replies":[{"embeddable":true,"href":"https:\/\/casabravo.cl\/index.php?rest_route=%2Fwp%2Fv2%2Fcomments&post=2736"}],"wp:attachment":[{"href":"https:\/\/casabravo.cl\/index.php?rest_route=%2Fwp%2Fv2%2Fmedia&parent=2736"}],"curies":[{"name":"wp","href":"https:\/\/api.w.org\/{rel}","templated":true}]}}