{"id":2732,"date":"2018-12-19T19:19:30","date_gmt":"2018-12-19T19:19:30","guid":{"rendered":"http:\/\/casabravo.cl\/?post_type=product&#038;p=2732"},"modified":"2021-06-04T16:32:36","modified_gmt":"2021-06-04T16:32:36","slug":"chicote-red-200-metros-categoria-6e-cable-azul","status":"publish","type":"product","link":"https:\/\/casabravo.cl\/?product=chicote-red-200-metros-categoria-6e-cable-azul","title":{"rendered":"CABLE RED  20,0 METROS CATEGOR\u00cdA Ee"},"content":{"rendered":"<p>CHICOTE RED<\/p>\n<p><strong>CARACTER\u00cdSTICAS:<\/strong><\/p>\n<p>APLICACI\u00d3N: CABLE RED CONEXI\u00d3N INTERNET<\/p>\n<p>TIPO: CATEGOR\u00cdA Ee<\/p>\n<p>LARGO: 20. METROS<\/p>\n<p>COLOR: AZUL<\/p>\n<p>C\u00d3DIGO: 000375<\/p>\n<p>&nbsp;<\/p>\n","protected":false},"excerpt":{"rendered":"<p>CHICOTE RED CARACTER\u00cdSTICAS: APLICACI\u00d3N: CABLE RED CONEXI\u00d3N INTERNET TIPO: CATEGOR\u00cdA Ee LARGO: 20. METROS COLOR: AZUL C\u00d3DIGO: 000375 &nbsp;<\/p>\n","protected":false},"featured_media":0,"comment_status":"open","ping_status":"closed","template":"","meta":[],"_links":{"self":[{"href":"https:\/\/casabravo.cl\/index.php?rest_route=\/wp\/v2\/product\/2732"}],"collection":[{"href":"https:\/\/casabravo.cl\/index.php?rest_route=\/wp\/v2\/product"}],"about":[{"href":"https:\/\/casabravo.cl\/index.php?rest_route=\/wp\/v2\/types\/product"}],"replies":[{"embeddable":true,"href":"https:\/\/casabravo.cl\/index.php?rest_route=%2Fwp%2Fv2%2Fcomments&post=2732"}],"wp:attachment":[{"href":"https:\/\/casabravo.cl\/index.php?rest_route=%2Fwp%2Fv2%2Fmedia&parent=2732"}],"curies":[{"name":"wp","href":"https:\/\/api.w.org\/{rel}","templated":true}]}}