{"id":2730,"date":"2018-12-19T19:17:42","date_gmt":"2018-12-19T19:17:42","guid":{"rendered":"http:\/\/casabravo.cl\/?post_type=product&#038;p=2730"},"modified":"2018-12-20T13:23:55","modified_gmt":"2018-12-20T13:23:55","slug":"chicote-red-50-mts-categoria-6e-azul","status":"publish","type":"product","link":"https:\/\/casabravo.cl\/?product=chicote-red-50-mts-categoria-6e-azul","title":{"rendered":"CHICOTE RED 5,0 MTS. CATEGOR\u00cdA 6e"},"content":{"rendered":"<p>CHICOTE RED<\/p>\n<p><strong>CARACTER\u00cdSTICAS:<\/strong><\/p>\n<p>APLICACI\u00d3N: CABLE RED CATEGOR\u00cdA 6e<\/p>\n<p>LARGO: 5.0 METROS<\/p>\n<p>COLOR: AZUL<\/p>\n<p>C\u00d3DIGO: 000371<\/p>\n<p>&nbsp;<\/p>\n","protected":false},"excerpt":{"rendered":"<p>CHICOTE RED CARACTER\u00cdSTICAS: APLICACI\u00d3N: CABLE RED CATEGOR\u00cdA 6e LARGO: 5.0 METROS COLOR: AZUL C\u00d3DIGO: 000371 &nbsp;<\/p>\n","protected":false},"featured_media":0,"comment_status":"open","ping_status":"closed","template":"","meta":[],"_links":{"self":[{"href":"https:\/\/casabravo.cl\/index.php?rest_route=\/wp\/v2\/product\/2730"}],"collection":[{"href":"https:\/\/casabravo.cl\/index.php?rest_route=\/wp\/v2\/product"}],"about":[{"href":"https:\/\/casabravo.cl\/index.php?rest_route=\/wp\/v2\/types\/product"}],"replies":[{"embeddable":true,"href":"https:\/\/casabravo.cl\/index.php?rest_route=%2Fwp%2Fv2%2Fcomments&post=2730"}],"wp:attachment":[{"href":"https:\/\/casabravo.cl\/index.php?rest_route=%2Fwp%2Fv2%2Fmedia&parent=2730"}],"curies":[{"name":"wp","href":"https:\/\/api.w.org\/{rel}","templated":true}]}}