{"id":2709,"date":"2018-12-19T15:56:09","date_gmt":"2018-12-19T15:56:09","guid":{"rendered":"http:\/\/casabravo.cl\/?post_type=product&#038;p=2709"},"modified":"2018-12-19T20:21:32","modified_gmt":"2018-12-19T20:21:32","slug":"cable-vga-vga-m-m-200-mts-bulk-bolsa","status":"publish","type":"product","link":"https:\/\/casabravo.cl\/?product=cable-vga-vga-m-m-200-mts-bulk-bolsa","title":{"rendered":"CABLE VGA M\/M 20,0 MTS. MONITOR"},"content":{"rendered":"<p>CABLE VGA<\/p>\n<p><strong>CARACTER\u00cdSTICAS:<\/strong><\/p>\n<p>APLICACI\u00d3N: PARA MONITOR<\/p>\n<p>TIPO: VGA MACHO-MACHO<\/p>\n<p>LARGO: 20.0 METROS<\/p>\n<p>PRESENTACI\u00d3N: BOLSA<\/p>\n<p>C\u00d3DIGO: 000410<\/p>\n<p>&nbsp;<\/p>\n","protected":false},"excerpt":{"rendered":"<p>CABLE VGA CARACTER\u00cdSTICAS: APLICACI\u00d3N: PARA MONITOR TIPO: VGA MACHO-MACHO LARGO: 20.0 METROS PRESENTACI\u00d3N: BOLSA C\u00d3DIGO: 000410 &nbsp;<\/p>\n","protected":false},"featured_media":2752,"comment_status":"open","ping_status":"closed","template":"","meta":[],"_links":{"self":[{"href":"https:\/\/casabravo.cl\/index.php?rest_route=\/wp\/v2\/product\/2709"}],"collection":[{"href":"https:\/\/casabravo.cl\/index.php?rest_route=\/wp\/v2\/product"}],"about":[{"href":"https:\/\/casabravo.cl\/index.php?rest_route=\/wp\/v2\/types\/product"}],"replies":[{"embeddable":true,"href":"https:\/\/casabravo.cl\/index.php?rest_route=%2Fwp%2Fv2%2Fcomments&post=2709"}],"wp:featuredmedia":[{"embeddable":true,"href":"https:\/\/casabravo.cl\/index.php?rest_route=\/wp\/v2\/media\/2752"}],"wp:attachment":[{"href":"https:\/\/casabravo.cl\/index.php?rest_route=%2Fwp%2Fv2%2Fmedia&parent=2709"}],"curies":[{"name":"wp","href":"https:\/\/api.w.org\/{rel}","templated":true}]}}