{"id":2648,"date":"2018-12-19T13:11:43","date_gmt":"2018-12-19T13:11:43","guid":{"rendered":"http:\/\/casabravo.cl\/?post_type=product&#038;p=2648"},"modified":"2019-01-19T15:43:40","modified_gmt":"2019-01-19T15:43:40","slug":"campana-led-120w-6000-k","status":"publish","type":"product","link":"https:\/\/casabravo.cl\/?product=campana-led-120w-6000-k","title":{"rendered":"CAMPANA LED 120 WATTS"},"content":{"rendered":"<p>CAMPANA LED<\/p>\n<p><strong>CARACTER\u00cdSTICAS:<\/strong><\/p>\n<p>APLICACI\u00d3N: CAMPANA LED 120 WATTS<\/p>\n<p>TIPO: FUENTE DE LUZ DE ALTO BRILLO. REFLECTOR DE ALUMINIO DE ALTA PUREZA.<\/p>\n<p>BUENA DISIPACI\u00d3N DE CALOR. MOTOR \u00d3PTICO.<\/p>\n<p>COLOR: LUZ FR\u00cdA (6000K)<\/p>\n<p>LUMINOSIDAD: 9.600 L\u00daMENES<\/p>\n<p>MARCA: POWERLED<\/p>\n<p>C\u00d3DIGO: 054448<\/p>\n<p>&nbsp;<\/p>\n","protected":false},"excerpt":{"rendered":"<p>CAMPANA LED CARACTER\u00cdSTICAS: APLICACI\u00d3N: CAMPANA LED 120 WATTS TIPO: FUENTE DE LUZ DE ALTO BRILLO. REFLECTOR DE ALUMINIO DE ALTA PUREZA. BUENA DISIPACI\u00d3N DE CALOR. MOTOR \u00d3PTICO. COLOR: LUZ FR\u00cdA (6000K) LUMINOSIDAD: 9.600 L\u00daMENES MARCA: POWERLED C\u00d3DIGO: 054448 &nbsp;<\/p>\n","protected":false},"featured_media":0,"comment_status":"open","ping_status":"closed","template":"","meta":[],"_links":{"self":[{"href":"https:\/\/casabravo.cl\/index.php?rest_route=\/wp\/v2\/product\/2648"}],"collection":[{"href":"https:\/\/casabravo.cl\/index.php?rest_route=\/wp\/v2\/product"}],"about":[{"href":"https:\/\/casabravo.cl\/index.php?rest_route=\/wp\/v2\/types\/product"}],"replies":[{"embeddable":true,"href":"https:\/\/casabravo.cl\/index.php?rest_route=%2Fwp%2Fv2%2Fcomments&post=2648"}],"wp:attachment":[{"href":"https:\/\/casabravo.cl\/index.php?rest_route=%2Fwp%2Fv2%2Fmedia&parent=2648"}],"curies":[{"name":"wp","href":"https:\/\/api.w.org\/{rel}","templated":true}]}}