{"id":2639,"date":"2018-12-18T21:03:12","date_gmt":"2018-12-18T21:03:12","guid":{"rendered":"http:\/\/casabravo.cl\/?post_type=product&#038;p=2639"},"modified":"2025-04-13T11:22:38","modified_gmt":"2025-04-13T11:22:38","slug":"splitter-hdmi-4-salidas-version-14-3d","status":"publish","type":"product","link":"https:\/\/casabravo.cl\/?product=splitter-hdmi-4-salidas-version-14-3d","title":{"rendered":"SPLITTER HDMI 4 SALIDAS"},"content":{"rendered":"<p>SPLITTER HDMI<\/p>\n<p><strong>CARACTER\u00cdSTICAS:<\/strong><\/p>\n<p>APLICACI\u00d3N: SPLITTER HDTV<\/p>\n<p>TIPO: METALICO CON 4 SALIDAS HDMI<\/p>\n<p>CONEXI\u00d3N: CON CARGADOR<\/p>\n<p>C\u00d3DIGO: 000519<\/p>\n<p>&nbsp;<\/p>\n","protected":false},"excerpt":{"rendered":"<p>SPLITTER HDMI CARACTER\u00cdSTICAS: APLICACI\u00d3N: SPLITTER HDTV TIPO: METALICO CON 4 SALIDAS HDMI CONEXI\u00d3N: CON CARGADOR C\u00d3DIGO: 000519 &nbsp;<\/p>\n","protected":false},"featured_media":0,"comment_status":"open","ping_status":"closed","template":"","meta":[],"_links":{"self":[{"href":"https:\/\/casabravo.cl\/index.php?rest_route=\/wp\/v2\/product\/2639"}],"collection":[{"href":"https:\/\/casabravo.cl\/index.php?rest_route=\/wp\/v2\/product"}],"about":[{"href":"https:\/\/casabravo.cl\/index.php?rest_route=\/wp\/v2\/types\/product"}],"replies":[{"embeddable":true,"href":"https:\/\/casabravo.cl\/index.php?rest_route=%2Fwp%2Fv2%2Fcomments&post=2639"}],"wp:attachment":[{"href":"https:\/\/casabravo.cl\/index.php?rest_route=%2Fwp%2Fv2%2Fmedia&parent=2639"}],"curies":[{"name":"wp","href":"https:\/\/api.w.org\/{rel}","templated":true}]}}