{"id":2566,"date":"2018-12-17T19:08:56","date_gmt":"2018-12-17T19:08:56","guid":{"rendered":"http:\/\/casabravo.cl\/?post_type=product&#038;p=2566"},"modified":"2019-01-31T21:28:33","modified_gmt":"2019-01-31T21:28:33","slug":"cargador-universal-auto-carga-de-bateria-celular","status":"publish","type":"product","link":"https:\/\/casabravo.cl\/?product=cargador-universal-auto-carga-de-bateria-celular","title":{"rendered":"CARGADOR UNIVERSAL BATER\u00cdA EN AUTO"},"content":{"rendered":"<p>CARGADOR UNIVERSAL AUTO CARGA DE BATER\u00cdA CELULAR<\/p>\n<p><strong>CARACTER\u00cdSTICAS:<\/strong><\/p>\n<p>APLICACI\u00d3N: CARGADOR PARA BATER\u00cdA CELULAR<\/p>\n<p>TIPO: ENTRADA DE CARGA AL ENCENDEDOR AUTO<\/p>\n<p>C\u00d3DIGO: 001755<\/p>\n<p>&nbsp;<\/p>\n","protected":false},"excerpt":{"rendered":"<p>CARGADOR UNIVERSAL AUTO CARGA DE BATER\u00cdA CELULAR CARACTER\u00cdSTICAS: APLICACI\u00d3N: CARGADOR PARA BATER\u00cdA CELULAR TIPO: ENTRADA DE CARGA AL ENCENDEDOR AUTO C\u00d3DIGO: 001755 &nbsp;<\/p>\n","protected":false},"featured_media":2567,"comment_status":"open","ping_status":"closed","template":"","meta":[],"_links":{"self":[{"href":"https:\/\/casabravo.cl\/index.php?rest_route=\/wp\/v2\/product\/2566"}],"collection":[{"href":"https:\/\/casabravo.cl\/index.php?rest_route=\/wp\/v2\/product"}],"about":[{"href":"https:\/\/casabravo.cl\/index.php?rest_route=\/wp\/v2\/types\/product"}],"replies":[{"embeddable":true,"href":"https:\/\/casabravo.cl\/index.php?rest_route=%2Fwp%2Fv2%2Fcomments&post=2566"}],"wp:featuredmedia":[{"embeddable":true,"href":"https:\/\/casabravo.cl\/index.php?rest_route=\/wp\/v2\/media\/2567"}],"wp:attachment":[{"href":"https:\/\/casabravo.cl\/index.php?rest_route=%2Fwp%2Fv2%2Fmedia&parent=2566"}],"curies":[{"name":"wp","href":"https:\/\/api.w.org\/{rel}","templated":true}]}}