{"id":2549,"date":"2018-12-17T12:38:47","date_gmt":"2018-12-17T12:38:47","guid":{"rendered":"http:\/\/casabravo.cl\/?post_type=product&#038;p=2549"},"modified":"2019-01-16T18:43:36","modified_gmt":"2019-01-16T18:43:36","slug":"kit-emergencia-90-min-transf-inter-bateria-integ-15","status":"publish","type":"product","link":"https:\/\/casabravo.cl\/?product=kit-emergencia-90-min-transf-inter-bateria-integ-15","title":{"rendered":"KIT EMERGENCIA LED"},"content":{"rendered":"<p>KIT EMERGENCIA<\/p>\n<p><strong>CARACTER\u00cdSTICAS:<\/strong><\/p>\n<p>APLICACI\u00d3N: BATER\u00cdA EMERGENCIA<\/p>\n<p>TIPO: TRANSFORMADOR INTERIOR 15W-36W<\/p>\n<p>TIEMPO EMERGENCIA: 90 MINUTOS<\/p>\n<p>TIEMPO CARGA: 48 HORAS<\/p>\n<p>C\u00d3DIGO: 000900<\/p>\n<p>&nbsp;<\/p>\n","protected":false},"excerpt":{"rendered":"<p>KIT EMERGENCIA CARACTER\u00cdSTICAS: APLICACI\u00d3N: BATER\u00cdA EMERGENCIA TIPO: TRANSFORMADOR INTERIOR 15W-36W TIEMPO EMERGENCIA: 90 MINUTOS TIEMPO CARGA: 48 HORAS C\u00d3DIGO: 000900 &nbsp;<\/p>\n","protected":false},"featured_media":2556,"comment_status":"open","ping_status":"closed","template":"","meta":[],"_links":{"self":[{"href":"https:\/\/casabravo.cl\/index.php?rest_route=\/wp\/v2\/product\/2549"}],"collection":[{"href":"https:\/\/casabravo.cl\/index.php?rest_route=\/wp\/v2\/product"}],"about":[{"href":"https:\/\/casabravo.cl\/index.php?rest_route=\/wp\/v2\/types\/product"}],"replies":[{"embeddable":true,"href":"https:\/\/casabravo.cl\/index.php?rest_route=%2Fwp%2Fv2%2Fcomments&post=2549"}],"wp:featuredmedia":[{"embeddable":true,"href":"https:\/\/casabravo.cl\/index.php?rest_route=\/wp\/v2\/media\/2556"}],"wp:attachment":[{"href":"https:\/\/casabravo.cl\/index.php?rest_route=%2Fwp%2Fv2%2Fmedia&parent=2549"}],"curies":[{"name":"wp","href":"https:\/\/api.w.org\/{rel}","templated":true}]}}