{"id":2545,"date":"2018-12-15T16:41:18","date_gmt":"2018-12-15T16:41:18","guid":{"rendered":"http:\/\/casabravo.cl\/?post_type=product&#038;p=2545"},"modified":"2023-04-11T22:20:02","modified_gmt":"2023-04-11T22:20:02","slug":"ampolleta-gu10-dicroica-5w-3000k-luz-calida","status":"publish","type":"product","link":"https:\/\/casabravo.cl\/?product=ampolleta-gu10-dicroica-5w-3000k-luz-calida","title":{"rendered":"AMPOLLETA LED GU10 COB 5 WATTS LUZ C\u00c1LIDA"},"content":{"rendered":"<p>AMPOLLETA GU10<\/p>\n<p><strong>CARACTER\u00cdSTICAS:<\/strong><\/p>\n<p>APLICACI\u00d3N: AMPOLLETA LED GU10 5 WATTS<\/p>\n<p>TIPO: DICROICA &#8211; LUZ C\u00c1LIDA (3000K)<\/p>\n<p>LUMINOSIDAD: 310 L\u00daMENES<\/p>\n<p>C\u00d3DIGO: 000903<\/p>\n<p>&nbsp;<\/p>\n","protected":false},"excerpt":{"rendered":"<p>AMPOLLETA GU10 CARACTER\u00cdSTICAS: APLICACI\u00d3N: AMPOLLETA LED GU10 5 WATTS TIPO: DICROICA &#8211; LUZ C\u00c1LIDA (3000K) LUMINOSIDAD: 310 L\u00daMENES C\u00d3DIGO: 000903 &nbsp;<\/p>\n","protected":false},"featured_media":2534,"comment_status":"open","ping_status":"closed","template":"","meta":[],"_links":{"self":[{"href":"https:\/\/casabravo.cl\/index.php?rest_route=\/wp\/v2\/product\/2545"}],"collection":[{"href":"https:\/\/casabravo.cl\/index.php?rest_route=\/wp\/v2\/product"}],"about":[{"href":"https:\/\/casabravo.cl\/index.php?rest_route=\/wp\/v2\/types\/product"}],"replies":[{"embeddable":true,"href":"https:\/\/casabravo.cl\/index.php?rest_route=%2Fwp%2Fv2%2Fcomments&post=2545"}],"wp:featuredmedia":[{"embeddable":true,"href":"https:\/\/casabravo.cl\/index.php?rest_route=\/wp\/v2\/media\/2534"}],"wp:attachment":[{"href":"https:\/\/casabravo.cl\/index.php?rest_route=%2Fwp%2Fv2%2Fmedia&parent=2545"}],"curies":[{"name":"wp","href":"https:\/\/api.w.org\/{rel}","templated":true}]}}