{"id":2543,"date":"2018-12-15T15:50:45","date_gmt":"2018-12-15T15:50:45","guid":{"rendered":"http:\/\/casabravo.cl\/?post_type=product&#038;p=2543"},"modified":"2019-03-27T15:37:22","modified_gmt":"2019-03-27T15:37:22","slug":"ampolleta-led-18w-par38-neutro","status":"publish","type":"product","link":"https:\/\/casabravo.cl\/?product=ampolleta-led-18w-par38-neutro","title":{"rendered":"AMPOLLETA LED 18 WATTS"},"content":{"rendered":"<p>AMPOLLETA LED<\/p>\n<p><strong>CARACTER\u00cdSTICAS:<\/strong><\/p>\n<p>APLICACI\u00d3N: AMPOLLETA LED 18 WATTS<\/p>\n<p>TIPO: LUZ NEUTRA (C\u00c1LIDA) \/ E27<\/p>\n<p>LUMINOSIDAD: 1450 L\u00daMENES<\/p>\n<p>VIDA \u00daTIL: 25.000 HORAS<\/p>\n<p>MARCA: WELLMAX<\/p>\n<p>C\u00d3DIGO: 054404<\/p>\n","protected":false},"excerpt":{"rendered":"<p>AMPOLLETA LED CARACTER\u00cdSTICAS: APLICACI\u00d3N: AMPOLLETA LED 18 WATTS TIPO: LUZ NEUTRA (C\u00c1LIDA) \/ E27 LUMINOSIDAD: 1450 L\u00daMENES VIDA \u00daTIL: 25.000 HORAS MARCA: WELLMAX C\u00d3DIGO: 054404<\/p>\n","protected":false},"featured_media":2544,"comment_status":"open","ping_status":"closed","template":"","meta":[],"_links":{"self":[{"href":"https:\/\/casabravo.cl\/index.php?rest_route=\/wp\/v2\/product\/2543"}],"collection":[{"href":"https:\/\/casabravo.cl\/index.php?rest_route=\/wp\/v2\/product"}],"about":[{"href":"https:\/\/casabravo.cl\/index.php?rest_route=\/wp\/v2\/types\/product"}],"replies":[{"embeddable":true,"href":"https:\/\/casabravo.cl\/index.php?rest_route=%2Fwp%2Fv2%2Fcomments&post=2543"}],"wp:featuredmedia":[{"embeddable":true,"href":"https:\/\/casabravo.cl\/index.php?rest_route=\/wp\/v2\/media\/2544"}],"wp:attachment":[{"href":"https:\/\/casabravo.cl\/index.php?rest_route=%2Fwp%2Fv2%2Fmedia&parent=2543"}],"curies":[{"name":"wp","href":"https:\/\/api.w.org\/{rel}","templated":true}]}}