{"id":2539,"date":"2018-12-15T15:11:26","date_gmt":"2018-12-15T15:11:26","guid":{"rendered":"http:\/\/casabravo.cl\/?post_type=product&#038;p=2539"},"modified":"2021-11-08T20:02:25","modified_gmt":"2021-11-08T20:02:25","slug":"panel-direccional-12w-cw-embutido-luz-fria","status":"publish","type":"product","link":"https:\/\/casabravo.cl\/?product=panel-direccional-12w-cw-embutido-luz-fria","title":{"rendered":"PANEL LED EMBUTIDO 12 WATTS DIRECCIONAL FR\u00cdA"},"content":{"rendered":"<p>PANEL\u00a0 LED<\/p>\n<p><strong>CARACTER\u00cdSTICAS:<\/strong><\/p>\n<p>APLICACI\u00d3N: PANEL LED\u00a0EMBUTIDO\u00a0DIRECCIONAL\u00a012 WATTS<\/p>\n<p>TIPO: EQUIPO DE TECHO COB LE CON REFLECTOR DIRIGIBLE,<\/p>\n<p>MARCO SOPORTE Y DIFUSOR, FOCO CON CHIP COB<\/p>\n<p>LEDS EN BASE DE ALUMINIO, COBERTURA 120|<\/p>\n<p>DI\u00c1METRO: 120 MM Y 80 MM FONDO<\/p>\n<p>LUMINOSIDAD: 1050 L\u00daMENES<\/p>\n<p>COLOR: LUZ FR\u00cdA (6500K)<\/p>\n<p>VIDA \u00daTIL: 30.000 HORAS<\/p>\n<p>C\u00d3DIGO: 000579<\/p>\n<p>&nbsp;<\/p>\n<table width=\"527\">\n<tbody>\n<tr>\n<td colspan=\"2\" width=\"527\"><\/td>\n<\/tr>\n<\/tbody>\n<\/table>\n","protected":false},"excerpt":{"rendered":"<p>PANEL\u00a0 LED CARACTER\u00cdSTICAS: APLICACI\u00d3N: PANEL LED\u00a0EMBUTIDO\u00a0DIRECCIONAL\u00a012 WATTS TIPO: EQUIPO DE TECHO COB LE CON REFLECTOR DIRIGIBLE, MARCO SOPORTE Y DIFUSOR, FOCO CON CHIP COB LEDS EN BASE DE ALUMINIO, COBERTURA 120| DI\u00c1METRO: 120 MM Y 80 MM FONDO LUMINOSIDAD: 1050 L\u00daMENES COLOR: LUZ FR\u00cdA (6500K) VIDA \u00daTIL: 30.000 HORAS C\u00d3DIGO: 000579 &nbsp;<\/p>\n","protected":false},"featured_media":2536,"comment_status":"open","ping_status":"closed","template":"","meta":[],"_links":{"self":[{"href":"https:\/\/casabravo.cl\/index.php?rest_route=\/wp\/v2\/product\/2539"}],"collection":[{"href":"https:\/\/casabravo.cl\/index.php?rest_route=\/wp\/v2\/product"}],"about":[{"href":"https:\/\/casabravo.cl\/index.php?rest_route=\/wp\/v2\/types\/product"}],"replies":[{"embeddable":true,"href":"https:\/\/casabravo.cl\/index.php?rest_route=%2Fwp%2Fv2%2Fcomments&post=2539"}],"wp:featuredmedia":[{"embeddable":true,"href":"https:\/\/casabravo.cl\/index.php?rest_route=\/wp\/v2\/media\/2536"}],"wp:attachment":[{"href":"https:\/\/casabravo.cl\/index.php?rest_route=%2Fwp%2Fv2%2Fmedia&parent=2539"}],"curies":[{"name":"wp","href":"https:\/\/api.w.org\/{rel}","templated":true}]}}