{"id":2533,"date":"2018-12-15T14:50:55","date_gmt":"2018-12-15T14:50:55","guid":{"rendered":"http:\/\/casabravo.cl\/?post_type=product&#038;p=2533"},"modified":"2023-04-11T22:38:56","modified_gmt":"2023-04-11T22:38:56","slug":"cob-ampolleta-gu10-dicroica-6500k","status":"publish","type":"product","link":"https:\/\/casabravo.cl\/?product=cob-ampolleta-gu10-dicroica-6500k","title":{"rendered":"AMPOLLETA LED GU10 6 WATTS LUZ FR\u00cdA"},"content":{"rendered":"<p>AMPOLLETA LED<\/p>\n<p><strong>CARACTER\u00cdSTICAS:<\/strong><\/p>\n<p>APLICACI\u00d3N: AMPOLLETA LED GU10<\/p>\n<p>TIPO: DICROICA \/ LUZ FR\u00cdA<\/p>\n<p>POTENCIA: 6W = 30W<\/p>\n<p>L\u00daMENES: 470 LM<\/p>\n<p>MARCA: SAMSUNG<\/p>\n<p>C\u00d3DIGO: 000885<\/p>\n<p>&nbsp;<\/p>\n","protected":false},"excerpt":{"rendered":"<p>AMPOLLETA LED CARACTER\u00cdSTICAS: APLICACI\u00d3N: AMPOLLETA LED GU10 TIPO: DICROICA \/ LUZ FR\u00cdA POTENCIA: 6W = 30W L\u00daMENES: 470 LM MARCA: SAMSUNG C\u00d3DIGO: 000885 &nbsp;<\/p>\n","protected":false},"featured_media":2534,"comment_status":"open","ping_status":"closed","template":"","meta":[],"_links":{"self":[{"href":"https:\/\/casabravo.cl\/index.php?rest_route=\/wp\/v2\/product\/2533"}],"collection":[{"href":"https:\/\/casabravo.cl\/index.php?rest_route=\/wp\/v2\/product"}],"about":[{"href":"https:\/\/casabravo.cl\/index.php?rest_route=\/wp\/v2\/types\/product"}],"replies":[{"embeddable":true,"href":"https:\/\/casabravo.cl\/index.php?rest_route=%2Fwp%2Fv2%2Fcomments&post=2533"}],"wp:featuredmedia":[{"embeddable":true,"href":"https:\/\/casabravo.cl\/index.php?rest_route=\/wp\/v2\/media\/2534"}],"wp:attachment":[{"href":"https:\/\/casabravo.cl\/index.php?rest_route=%2Fwp%2Fv2%2Fmedia&parent=2533"}],"curies":[{"name":"wp","href":"https:\/\/api.w.org\/{rel}","templated":true}]}}