{"id":2526,"date":"2018-12-15T14:35:34","date_gmt":"2018-12-15T14:35:34","guid":{"rendered":"http:\/\/casabravo.cl\/?post_type=product&#038;p=2526"},"modified":"2021-11-08T20:14:01","modified_gmt":"2021-11-08T20:14:01","slug":"panel-cuadrado-embutido-19w","status":"publish","type":"product","link":"https:\/\/casabravo.cl\/?product=panel-cuadrado-embutido-19w","title":{"rendered":"PANEL LED CUADRADO EMBUTIDO 18 WATTS SLIM"},"content":{"rendered":"<p>PANEL LED<\/p>\n<p><strong>CARACTER\u00cdSTICAS:<\/strong><\/p>\n<p>APLICACI\u00d3N: PANEL LED 18 WATTS<\/p>\n<p>TIPO: CUADRADO EMBUTIDO SLIM<\/p>\n<p>DI\u00c1METRO: 170 MM.<\/p>\n<p>COLOR: LUZ FR\u00cdA (6500K)<\/p>\n<p>MARCA: POWERLED<\/p>\n<p>C\u00d3DIGO: 001493<\/p>\n","protected":false},"excerpt":{"rendered":"<p>PANEL LED CARACTER\u00cdSTICAS: APLICACI\u00d3N: PANEL LED 18 WATTS TIPO: CUADRADO EMBUTIDO SLIM DI\u00c1METRO: 170 MM. COLOR: LUZ FR\u00cdA (6500K) MARCA: POWERLED C\u00d3DIGO: 001493<\/p>\n","protected":false},"featured_media":2531,"comment_status":"open","ping_status":"closed","template":"","meta":[],"_links":{"self":[{"href":"https:\/\/casabravo.cl\/index.php?rest_route=\/wp\/v2\/product\/2526"}],"collection":[{"href":"https:\/\/casabravo.cl\/index.php?rest_route=\/wp\/v2\/product"}],"about":[{"href":"https:\/\/casabravo.cl\/index.php?rest_route=\/wp\/v2\/types\/product"}],"replies":[{"embeddable":true,"href":"https:\/\/casabravo.cl\/index.php?rest_route=%2Fwp%2Fv2%2Fcomments&post=2526"}],"wp:featuredmedia":[{"embeddable":true,"href":"https:\/\/casabravo.cl\/index.php?rest_route=\/wp\/v2\/media\/2531"}],"wp:attachment":[{"href":"https:\/\/casabravo.cl\/index.php?rest_route=%2Fwp%2Fv2%2Fmedia&parent=2526"}],"curies":[{"name":"wp","href":"https:\/\/api.w.org\/{rel}","templated":true}]}}