{"id":2428,"date":"2018-12-14T13:03:55","date_gmt":"2018-12-14T13:03:55","guid":{"rendered":"http:\/\/casabravo.cl\/?post_type=product&#038;p=2428"},"modified":"2022-01-31T20:06:47","modified_gmt":"2022-01-31T20:06:47","slug":"camara-espia-llavero-bmw-720x480","status":"publish","type":"product","link":"https:\/\/casabravo.cl\/?product=camara-espia-llavero-bmw-720x480","title":{"rendered":"C\u00c1MARA ESP\u00cdA, MODELO LLAVERO BMW"},"content":{"rendered":"<p>C\u00c1MARA<\/p>\n<p><strong>CARACTER\u00cdSTICAS:<\/strong><\/p>\n<p>APLICACI\u00d3N: C\u00c1MARA ESP\u00cdA, RECARGABLE PARA V\u00cdDEO Y FOTOS<\/p>\n<p>TIPO: PARA MICRO SD, NO INCLUIDA<\/p>\n<p>RESOLUCI\u00d3N:\u00a0720 x 480<\/p>\n<p>MODELO: LLAVERO BMW<\/p>\n<p>CONTENIDO: CABLE CARGA Y MANUAL<\/p>\n<p>C\u00d3DIGO: 000315<\/p>\n<p>&nbsp;<\/p>\n","protected":false},"excerpt":{"rendered":"<p>C\u00c1MARA CARACTER\u00cdSTICAS: APLICACI\u00d3N: C\u00c1MARA ESP\u00cdA, RECARGABLE PARA V\u00cdDEO Y FOTOS TIPO: PARA MICRO SD, NO INCLUIDA RESOLUCI\u00d3N:\u00a0720 x 480 MODELO: LLAVERO BMW CONTENIDO: CABLE CARGA Y MANUAL C\u00d3DIGO: 000315 &nbsp;<\/p>\n","protected":false},"featured_media":0,"comment_status":"open","ping_status":"closed","template":"","meta":[],"_links":{"self":[{"href":"https:\/\/casabravo.cl\/index.php?rest_route=\/wp\/v2\/product\/2428"}],"collection":[{"href":"https:\/\/casabravo.cl\/index.php?rest_route=\/wp\/v2\/product"}],"about":[{"href":"https:\/\/casabravo.cl\/index.php?rest_route=\/wp\/v2\/types\/product"}],"replies":[{"embeddable":true,"href":"https:\/\/casabravo.cl\/index.php?rest_route=%2Fwp%2Fv2%2Fcomments&post=2428"}],"wp:attachment":[{"href":"https:\/\/casabravo.cl\/index.php?rest_route=%2Fwp%2Fv2%2Fmedia&parent=2428"}],"curies":[{"name":"wp","href":"https:\/\/api.w.org\/{rel}","templated":true}]}}