{"id":2374,"date":"2018-12-13T15:54:17","date_gmt":"2018-12-13T15:54:17","guid":{"rendered":"http:\/\/casabravo.cl\/?post_type=product&#038;p=2374"},"modified":"2022-05-19T21:44:16","modified_gmt":"2022-05-19T21:44:16","slug":"mouse-ckp-live-optico-1000-dpi-male-line","status":"publish","type":"product","link":"https:\/\/casabravo.cl\/?product=mouse-ckp-live-optico-1000-dpi-male-line","title":{"rendered":"MOUSE USB OPTICO 1000 DPI"},"content":{"rendered":"<p>MOUSE USB<\/p>\n<p><strong>CARACTER\u00cdSTICAS:<\/strong><\/p>\n<p>APLICACI\u00d3N: MOUSE CON CABLE<\/p>\n<p>TIPO: USB<\/p>\n<p>COLOR: CAMUFLADO<\/p>\n<p>C\u00d3DIGO: 001113<\/p>\n<p>&nbsp;<\/p>\n","protected":false},"excerpt":{"rendered":"<p>MOUSE USB CARACTER\u00cdSTICAS: APLICACI\u00d3N: MOUSE CON CABLE TIPO: USB COLOR: CAMUFLADO C\u00d3DIGO: 001113 &nbsp;<\/p>\n","protected":false},"featured_media":0,"comment_status":"open","ping_status":"closed","template":"","meta":[],"_links":{"self":[{"href":"https:\/\/casabravo.cl\/index.php?rest_route=\/wp\/v2\/product\/2374"}],"collection":[{"href":"https:\/\/casabravo.cl\/index.php?rest_route=\/wp\/v2\/product"}],"about":[{"href":"https:\/\/casabravo.cl\/index.php?rest_route=\/wp\/v2\/types\/product"}],"replies":[{"embeddable":true,"href":"https:\/\/casabravo.cl\/index.php?rest_route=%2Fwp%2Fv2%2Fcomments&post=2374"}],"wp:attachment":[{"href":"https:\/\/casabravo.cl\/index.php?rest_route=%2Fwp%2Fv2%2Fmedia&parent=2374"}],"curies":[{"name":"wp","href":"https:\/\/api.w.org\/{rel}","templated":true}]}}