{"id":232,"date":"2016-05-04T13:46:16","date_gmt":"2016-05-04T13:46:16","guid":{"rendered":"http:\/\/casabravo.cl\/?post_type=product&#038;p=232"},"modified":"2023-02-06T20:08:45","modified_gmt":"2023-02-06T20:08:45","slug":"cable-camara-seguridad-video-y-corriente-20-mts","status":"publish","type":"product","link":"https:\/\/casabravo.cl\/?product=cable-camara-seguridad-video-y-corriente-20-mts","title":{"rendered":"CABLE C\u00c1MARA SEGURIDAD 20.0 METROS"},"content":{"rendered":"<p><strong>CARACTER\u00cdSTICAS:<\/strong><\/p>\n<p>APLICACI\u00d3N: CABLE ALIMENTACI\u00d3N<\/p>\n<p>TIPO: V\u00cdDEO CCTV<\/p>\n<p>LARGO. 20.0 METROS<\/p>\n<p>C\u00d3DIGO: 000322<\/p>\n<p>&nbsp;<\/p>\n","protected":false},"excerpt":{"rendered":"<p>CARACTER\u00cdSTICAS: APLICACI\u00d3N: CABLE ALIMENTACI\u00d3N TIPO: V\u00cdDEO CCTV LARGO. 20.0 METROS C\u00d3DIGO: 000322 &nbsp;<\/p>\n","protected":false},"featured_media":0,"comment_status":"open","ping_status":"closed","template":"","meta":[],"_links":{"self":[{"href":"https:\/\/casabravo.cl\/index.php?rest_route=\/wp\/v2\/product\/232"}],"collection":[{"href":"https:\/\/casabravo.cl\/index.php?rest_route=\/wp\/v2\/product"}],"about":[{"href":"https:\/\/casabravo.cl\/index.php?rest_route=\/wp\/v2\/types\/product"}],"replies":[{"embeddable":true,"href":"https:\/\/casabravo.cl\/index.php?rest_route=%2Fwp%2Fv2%2Fcomments&post=232"}],"wp:attachment":[{"href":"https:\/\/casabravo.cl\/index.php?rest_route=%2Fwp%2Fv2%2Fmedia&parent=232"}],"curies":[{"name":"wp","href":"https:\/\/api.w.org\/{rel}","templated":true}]}}