{"id":2274,"date":"2018-12-12T20:48:07","date_gmt":"2018-12-12T20:48:07","guid":{"rendered":"http:\/\/casabravo.cl\/?post_type=product&#038;p=2274"},"modified":"2021-09-09T15:54:45","modified_gmt":"2021-09-09T15:54:45","slug":"adaptador-micro-hdmi-a-vga-con-sonido","status":"publish","type":"product","link":"https:\/\/casabravo.cl\/?product=adaptador-micro-hdmi-a-vga-con-sonido","title":{"rendered":"ADAPTADOR MICRO HDMI A VGA CON SONIDO"},"content":{"rendered":"<p>ADAPTADOR<\/p>\n<p><strong>CARACTER\u00cdSTICAS:<\/strong><\/p>\n<p>APLICACI\u00d3N: ADAPTADOR<\/p>\n<p>TIPO: MICRO HDMI A VGA HEMBRA<\/p>\n<p>CONTENIDO: ADAPTADOR+CABLE 20 CM. SONIDO<\/p>\n<p>C\u00d3DIGO: 000534<\/p>\n<p>&nbsp;<\/p>\n","protected":false},"excerpt":{"rendered":"<p>ADAPTADOR CARACTER\u00cdSTICAS: APLICACI\u00d3N: ADAPTADOR TIPO: MICRO HDMI A VGA HEMBRA CONTENIDO: ADAPTADOR+CABLE 20 CM. SONIDO C\u00d3DIGO: 000534 &nbsp;<\/p>\n","protected":false},"featured_media":2278,"comment_status":"open","ping_status":"closed","template":"","meta":[],"_links":{"self":[{"href":"https:\/\/casabravo.cl\/index.php?rest_route=\/wp\/v2\/product\/2274"}],"collection":[{"href":"https:\/\/casabravo.cl\/index.php?rest_route=\/wp\/v2\/product"}],"about":[{"href":"https:\/\/casabravo.cl\/index.php?rest_route=\/wp\/v2\/types\/product"}],"replies":[{"embeddable":true,"href":"https:\/\/casabravo.cl\/index.php?rest_route=%2Fwp%2Fv2%2Fcomments&post=2274"}],"wp:featuredmedia":[{"embeddable":true,"href":"https:\/\/casabravo.cl\/index.php?rest_route=\/wp\/v2\/media\/2278"}],"wp:attachment":[{"href":"https:\/\/casabravo.cl\/index.php?rest_route=%2Fwp%2Fv2%2Fmedia&parent=2274"}],"curies":[{"name":"wp","href":"https:\/\/api.w.org\/{rel}","templated":true}]}}