{"id":2261,"date":"2018-12-12T20:29:49","date_gmt":"2018-12-12T20:29:49","guid":{"rendered":"http:\/\/casabravo.cl\/?post_type=product&#038;p=2261"},"modified":"2020-10-29T18:58:22","modified_gmt":"2020-10-29T18:58:22","slug":"luces-led-para-disco-6-a-1-diseno-navidad","status":"publish","type":"product","link":"https:\/\/casabravo.cl\/?product=luces-led-para-disco-6-a-1-diseno-navidad","title":{"rendered":"LUCES LED PARA DISCO 6 A 1 DISE\u00d1O NAVIDAD"},"content":{"rendered":"<p>LUCES LED<\/p>\n<p><strong>CARACTER\u00cdSTICAS:<\/strong><\/p>\n<p>APLICACI\u00d3N: LUCES LED DISCO 6 A 1 IMAGEN<\/p>\n<p>TIPO: DISE\u00d1O NAVIDAD<\/p>\n<p>ENTRADA: ENCHUFE NORMAL<\/p>\n<p>C\u00d3DIGO: 054472<\/p>\n<p>&nbsp;<\/p>\n<p>&nbsp;<\/p>\n","protected":false},"excerpt":{"rendered":"<p>LUCES LED CARACTER\u00cdSTICAS: APLICACI\u00d3N: LUCES LED DISCO 6 A 1 IMAGEN TIPO: DISE\u00d1O NAVIDAD ENTRADA: ENCHUFE NORMAL C\u00d3DIGO: 054472 &nbsp; &nbsp;<\/p>\n","protected":false},"featured_media":4355,"comment_status":"open","ping_status":"closed","template":"","meta":[],"_links":{"self":[{"href":"https:\/\/casabravo.cl\/index.php?rest_route=\/wp\/v2\/product\/2261"}],"collection":[{"href":"https:\/\/casabravo.cl\/index.php?rest_route=\/wp\/v2\/product"}],"about":[{"href":"https:\/\/casabravo.cl\/index.php?rest_route=\/wp\/v2\/types\/product"}],"replies":[{"embeddable":true,"href":"https:\/\/casabravo.cl\/index.php?rest_route=%2Fwp%2Fv2%2Fcomments&post=2261"}],"wp:featuredmedia":[{"embeddable":true,"href":"https:\/\/casabravo.cl\/index.php?rest_route=\/wp\/v2\/media\/4355"}],"wp:attachment":[{"href":"https:\/\/casabravo.cl\/index.php?rest_route=%2Fwp%2Fv2%2Fmedia&parent=2261"}],"curies":[{"name":"wp","href":"https:\/\/api.w.org\/{rel}","templated":true}]}}