{"id":2224,"date":"2018-12-12T19:25:52","date_gmt":"2018-12-12T19:25:52","guid":{"rendered":"http:\/\/casabravo.cl\/?post_type=product&#038;p=2224"},"modified":"2020-06-08T17:22:09","modified_gmt":"2020-06-08T17:22:09","slug":"cofre-sata-2-5-usb-3-0-tres-estrella","status":"publish","type":"product","link":"https:\/\/casabravo.cl\/?product=cofre-sata-2-5-usb-3-0-tres-estrella","title":{"rendered":"COFRE PARA DISCO SATA 2.5&#8243; USB 2.0"},"content":{"rendered":"<p>COFRE<\/p>\n<p><strong>CARACTER\u00cdSTICAS:<\/strong><\/p>\n<p>APLICACI\u00d3N: SATA USB 2.0<\/p>\n<p>CONTIENE: CABLE USB 3.0 + TORNILLOS + DESTORNILLADOR<\/p>\n<p>COLOR: NEGRO<\/p>\n<p>C\u00d3DIGO: 000775<\/p>\n<p>&nbsp;<\/p>\n","protected":false},"excerpt":{"rendered":"<p>COFRE CARACTER\u00cdSTICAS: APLICACI\u00d3N: SATA USB 2.0 CONTIENE: CABLE USB 3.0 + TORNILLOS + DESTORNILLADOR COLOR: NEGRO C\u00d3DIGO: 000775 &nbsp;<\/p>\n","protected":false},"featured_media":0,"comment_status":"open","ping_status":"closed","template":"","meta":[],"_links":{"self":[{"href":"https:\/\/casabravo.cl\/index.php?rest_route=\/wp\/v2\/product\/2224"}],"collection":[{"href":"https:\/\/casabravo.cl\/index.php?rest_route=\/wp\/v2\/product"}],"about":[{"href":"https:\/\/casabravo.cl\/index.php?rest_route=\/wp\/v2\/types\/product"}],"replies":[{"embeddable":true,"href":"https:\/\/casabravo.cl\/index.php?rest_route=%2Fwp%2Fv2%2Fcomments&post=2224"}],"wp:attachment":[{"href":"https:\/\/casabravo.cl\/index.php?rest_route=%2Fwp%2Fv2%2Fmedia&parent=2224"}],"curies":[{"name":"wp","href":"https:\/\/api.w.org\/{rel}","templated":true}]}}