{"id":2188,"date":"2018-12-12T14:49:09","date_gmt":"2018-12-12T14:49:09","guid":{"rendered":"http:\/\/casabravo.cl\/?post_type=product&#038;p=2188"},"modified":"2019-11-21T19:55:14","modified_gmt":"2019-11-21T19:55:14","slug":"toner-alternativo-samsung-ml1610","status":"publish","type":"product","link":"https:\/\/casabravo.cl\/?product=toner-alternativo-samsung-ml1610","title":{"rendered":"TONER ALTERNATIVO SAMSUNG ML1610"},"content":{"rendered":"<p>TONER ALTERNATIVO<\/p>\n<p><strong>CARACTER\u00cdSTICAS:<\/strong><\/p>\n<p>APLICACI\u00d3N: PARA IMPRESORA L\u00c1SER\u00a0 SAMSUNG<\/p>\n<p>TIPO: ALTERNATIVO<\/p>\n<p>MODELO IMPRESORA:\u00a0ML-1610\/1615\/2010\/2510 SERIES<\/p>\n<p>IMPRESIONES: 2.000 P\u00c1GINAS<\/p>\n<p>C\u00d3DIGO F\u00c1BRICA:\u00a0ML1610<\/p>\n<p>C\u00d3DIGO: 000654<\/p>\n","protected":false},"excerpt":{"rendered":"<p>TONER ALTERNATIVO CARACTER\u00cdSTICAS: APLICACI\u00d3N: PARA IMPRESORA L\u00c1SER\u00a0 SAMSUNG TIPO: ALTERNATIVO MODELO IMPRESORA:\u00a0ML-1610\/1615\/2010\/2510 SERIES IMPRESIONES: 2.000 P\u00c1GINAS C\u00d3DIGO F\u00c1BRICA:\u00a0ML1610 C\u00d3DIGO: 000654<\/p>\n","protected":false},"featured_media":2191,"comment_status":"open","ping_status":"closed","template":"","meta":[],"_links":{"self":[{"href":"https:\/\/casabravo.cl\/index.php?rest_route=\/wp\/v2\/product\/2188"}],"collection":[{"href":"https:\/\/casabravo.cl\/index.php?rest_route=\/wp\/v2\/product"}],"about":[{"href":"https:\/\/casabravo.cl\/index.php?rest_route=\/wp\/v2\/types\/product"}],"replies":[{"embeddable":true,"href":"https:\/\/casabravo.cl\/index.php?rest_route=%2Fwp%2Fv2%2Fcomments&post=2188"}],"wp:featuredmedia":[{"embeddable":true,"href":"https:\/\/casabravo.cl\/index.php?rest_route=\/wp\/v2\/media\/2191"}],"wp:attachment":[{"href":"https:\/\/casabravo.cl\/index.php?rest_route=%2Fwp%2Fv2%2Fmedia&parent=2188"}],"curies":[{"name":"wp","href":"https:\/\/api.w.org\/{rel}","templated":true}]}}