{"id":2185,"date":"2018-12-12T14:46:35","date_gmt":"2018-12-12T14:46:35","guid":{"rendered":"http:\/\/casabravo.cl\/?post_type=product&#038;p=2185"},"modified":"2019-11-21T19:56:01","modified_gmt":"2019-11-21T19:56:01","slug":"toner-alternativo-para-brother-2","status":"publish","type":"product","link":"https:\/\/casabravo.cl\/?product=toner-alternativo-para-brother-2","title":{"rendered":"TONER ALTERNATIVO PARA BROTHER TN450"},"content":{"rendered":"<p>TONER ALTERNATIVO<\/p>\n<p><strong>CARACTER\u00cdSTICAS:<\/strong><\/p>\n<p>APLICACI\u00d3N: PARA IMPRESORA L\u00c1SER BROTHER<\/p>\n<p>TIPO: ALTERNATIVO<\/p>\n<p>MODELO IMPRESORA: TN-450\/TN-2220\/TN-2275\/TN-27J\/TN-2250\/TN-2280<\/p>\n<p>HL 2130\/2132\/2240\/2240D\/2250DN\/2270DW\/2270DW\/7860D<\/p>\n<p>IMPRESIONES: 2.600 P\u00c1GINAS<\/p>\n<p>C\u00d3DIGO F\u00c1BRICA: LTN450<\/p>\n<p>C\u00d3DIGO: 000649<\/p>\n","protected":false},"excerpt":{"rendered":"<p>TONER ALTERNATIVO CARACTER\u00cdSTICAS: APLICACI\u00d3N: PARA IMPRESORA L\u00c1SER BROTHER TIPO: ALTERNATIVO MODELO IMPRESORA: TN-450\/TN-2220\/TN-2275\/TN-27J\/TN-2250\/TN-2280 HL 2130\/2132\/2240\/2240D\/2250DN\/2270DW\/2270DW\/7860D IMPRESIONES: 2.600 P\u00c1GINAS C\u00d3DIGO F\u00c1BRICA: LTN450 C\u00d3DIGO: 000649<\/p>\n","protected":false},"featured_media":2196,"comment_status":"open","ping_status":"closed","template":"","meta":[],"_links":{"self":[{"href":"https:\/\/casabravo.cl\/index.php?rest_route=\/wp\/v2\/product\/2185"}],"collection":[{"href":"https:\/\/casabravo.cl\/index.php?rest_route=\/wp\/v2\/product"}],"about":[{"href":"https:\/\/casabravo.cl\/index.php?rest_route=\/wp\/v2\/types\/product"}],"replies":[{"embeddable":true,"href":"https:\/\/casabravo.cl\/index.php?rest_route=%2Fwp%2Fv2%2Fcomments&post=2185"}],"wp:featuredmedia":[{"embeddable":true,"href":"https:\/\/casabravo.cl\/index.php?rest_route=\/wp\/v2\/media\/2196"}],"wp:attachment":[{"href":"https:\/\/casabravo.cl\/index.php?rest_route=%2Fwp%2Fv2%2Fmedia&parent=2185"}],"curies":[{"name":"wp","href":"https:\/\/api.w.org\/{rel}","templated":true}]}}