{"id":2184,"date":"2018-12-12T14:43:22","date_gmt":"2018-12-12T14:43:22","guid":{"rendered":"http:\/\/casabravo.cl\/?post_type=product&#038;p=2184"},"modified":"2019-11-21T15:59:37","modified_gmt":"2019-11-21T15:59:37","slug":"toner-alternativo-para-brother","status":"publish","type":"product","link":"https:\/\/casabravo.cl\/?product=toner-alternativo-para-brother","title":{"rendered":"TONER ALTERNATIVO PARA BROTHER TN1060"},"content":{"rendered":"<p>TONER ALTERNATIVO<\/p>\n<p><strong>CARACTER\u00cdSTICAS:<\/strong><\/p>\n<p>APLICACI\u00d3N: PARA IMPRESORA BROTHER<\/p>\n<p>TIPO: ALTERNATIVO<\/p>\n<p>MODELO IMPRESORA:\u00a0HL 1110\/1110E\/1110R\/1112\/DCP-1510\/1512\/MFC-1810\/1810R\/1815<\/p>\n<p>IMPRESIONES: 1.000 P\u00c1GINAS<\/p>\n<p>C\u00d3DIGO F\u00c1BRICA:\u00a0TN1060<\/p>\n<p>C\u00d3DIGO: 000650<\/p>\n<p>&nbsp;<\/p>\n","protected":false},"excerpt":{"rendered":"<p>TONER ALTERNATIVO CARACTER\u00cdSTICAS: APLICACI\u00d3N: PARA IMPRESORA BROTHER TIPO: ALTERNATIVO MODELO IMPRESORA:\u00a0HL 1110\/1110E\/1110R\/1112\/DCP-1510\/1512\/MFC-1810\/1810R\/1815 IMPRESIONES: 1.000 P\u00c1GINAS C\u00d3DIGO F\u00c1BRICA:\u00a0TN1060 C\u00d3DIGO: 000650 &nbsp;<\/p>\n","protected":false},"featured_media":2196,"comment_status":"open","ping_status":"closed","template":"","meta":[],"_links":{"self":[{"href":"https:\/\/casabravo.cl\/index.php?rest_route=\/wp\/v2\/product\/2184"}],"collection":[{"href":"https:\/\/casabravo.cl\/index.php?rest_route=\/wp\/v2\/product"}],"about":[{"href":"https:\/\/casabravo.cl\/index.php?rest_route=\/wp\/v2\/types\/product"}],"replies":[{"embeddable":true,"href":"https:\/\/casabravo.cl\/index.php?rest_route=%2Fwp%2Fv2%2Fcomments&post=2184"}],"wp:featuredmedia":[{"embeddable":true,"href":"https:\/\/casabravo.cl\/index.php?rest_route=\/wp\/v2\/media\/2196"}],"wp:attachment":[{"href":"https:\/\/casabravo.cl\/index.php?rest_route=%2Fwp%2Fv2%2Fmedia&parent=2184"}],"curies":[{"name":"wp","href":"https:\/\/api.w.org\/{rel}","templated":true}]}}