{"id":2181,"date":"2018-12-12T14:39:17","date_gmt":"2018-12-12T14:39:17","guid":{"rendered":"http:\/\/casabravo.cl\/?post_type=product&#038;p=2181"},"modified":"2019-11-21T19:56:45","modified_gmt":"2019-11-21T19:56:45","slug":"toner-alternativo-para-hp-3","status":"publish","type":"product","link":"https:\/\/casabravo.cl\/?product=toner-alternativo-para-hp-3","title":{"rendered":"TONER ALTERNATIVO PARA HP Q2612A"},"content":{"rendered":"<p>TONER ALTERNATIVO<\/p>\n<p><strong>CARACTER\u00cdSTICAS:<\/strong><\/p>\n<p>APLICACI\u00d3N: PARA IMPRESORA\u00a0 L\u00c1SER HP Y CANON<\/p>\n<p>TIPO: ALTERNATIVO<\/p>\n<p>MODELO IMPRESORA:\u00a0LASER 1010\/1015\/3015\/3030\/M1005\/M1319MFP\/<\/p>\n<p><strong>\u00a0 \u00a0 \u00a0 \u00a0 \u00a0 \u00a0 \u00a0 \u00a0 \u00a0 \u00a0 \u00a0 \u00a0 \u00a0 \u00a0 \u00a0 \u00a0 \u00a0 \u00a0 \u00a0 \u00a0 \u00a0 \u00a0 CANON<\/strong> LBP2900\/3000<\/p>\n<p>IMPRESIONES: 2.000 P\u00c1GINAS<\/p>\n<p>C\u00d3DIGO F\u00c1BRICA:\u00a0Q2612A<\/p>\n<p>C\u00d3DIGO: 000645<\/p>\n","protected":false},"excerpt":{"rendered":"<p>TONER ALTERNATIVO CARACTER\u00cdSTICAS: APLICACI\u00d3N: PARA IMPRESORA\u00a0 L\u00c1SER HP Y CANON TIPO: ALTERNATIVO MODELO IMPRESORA:\u00a0LASER 1010\/1015\/3015\/3030\/M1005\/M1319MFP\/ \u00a0 \u00a0 \u00a0 \u00a0 \u00a0 \u00a0 \u00a0 \u00a0 \u00a0 \u00a0 \u00a0 \u00a0 \u00a0 \u00a0 \u00a0 \u00a0 \u00a0 \u00a0 \u00a0 \u00a0 \u00a0 \u00a0 CANON LBP2900\/3000 IMPRESIONES: 2.000 P\u00c1GINAS C\u00d3DIGO F\u00c1BRICA:\u00a0Q2612A C\u00d3DIGO: 000645<\/p>\n","protected":false},"featured_media":2195,"comment_status":"open","ping_status":"closed","template":"","meta":[],"_links":{"self":[{"href":"https:\/\/casabravo.cl\/index.php?rest_route=\/wp\/v2\/product\/2181"}],"collection":[{"href":"https:\/\/casabravo.cl\/index.php?rest_route=\/wp\/v2\/product"}],"about":[{"href":"https:\/\/casabravo.cl\/index.php?rest_route=\/wp\/v2\/types\/product"}],"replies":[{"embeddable":true,"href":"https:\/\/casabravo.cl\/index.php?rest_route=%2Fwp%2Fv2%2Fcomments&post=2181"}],"wp:featuredmedia":[{"embeddable":true,"href":"https:\/\/casabravo.cl\/index.php?rest_route=\/wp\/v2\/media\/2195"}],"wp:attachment":[{"href":"https:\/\/casabravo.cl\/index.php?rest_route=%2Fwp%2Fv2%2Fmedia&parent=2181"}],"curies":[{"name":"wp","href":"https:\/\/api.w.org\/{rel}","templated":true}]}}