{"id":2178,"date":"2018-12-12T14:37:31","date_gmt":"2018-12-12T14:37:31","guid":{"rendered":"http:\/\/casabravo.cl\/?post_type=product&#038;p=2178"},"modified":"2019-11-21T19:57:51","modified_gmt":"2019-11-21T19:57:51","slug":"toner-alternativo-para-hp-2","status":"publish","type":"product","link":"https:\/\/casabravo.cl\/?product=toner-alternativo-para-hp-2","title":{"rendered":"TONER ALTERNATIVO PARA HP CF283A"},"content":{"rendered":"<p>TONER ALTERNATIVO<\/p>\n<p><strong>CARACTER\u00cdSTICAS:<\/strong><\/p>\n<p>APLICACI\u00d3N: PARA IMPRESORA L\u00c1SER HP<\/p>\n<p>TIPO: ALTERNATIVO<\/p>\n<p>MODELO IMPRESORA:\u00a0LASER JET PRO MFP M125nw\/127FN\/127fw<\/p>\n<p>IMPRESIONES: 1.500 P\u00c1GINAS<\/p>\n<p>C\u00d3DIGO F\u00c1BRICA: CF283A<\/p>\n<p>C\u00d3DIGO: 000648<\/p>\n","protected":false},"excerpt":{"rendered":"<p>TONER ALTERNATIVO CARACTER\u00cdSTICAS: APLICACI\u00d3N: PARA IMPRESORA L\u00c1SER HP TIPO: ALTERNATIVO MODELO IMPRESORA:\u00a0LASER JET PRO MFP M125nw\/127FN\/127fw IMPRESIONES: 1.500 P\u00c1GINAS C\u00d3DIGO F\u00c1BRICA: CF283A C\u00d3DIGO: 000648<\/p>\n","protected":false},"featured_media":2195,"comment_status":"open","ping_status":"closed","template":"","meta":[],"_links":{"self":[{"href":"https:\/\/casabravo.cl\/index.php?rest_route=\/wp\/v2\/product\/2178"}],"collection":[{"href":"https:\/\/casabravo.cl\/index.php?rest_route=\/wp\/v2\/product"}],"about":[{"href":"https:\/\/casabravo.cl\/index.php?rest_route=\/wp\/v2\/types\/product"}],"replies":[{"embeddable":true,"href":"https:\/\/casabravo.cl\/index.php?rest_route=%2Fwp%2Fv2%2Fcomments&post=2178"}],"wp:featuredmedia":[{"embeddable":true,"href":"https:\/\/casabravo.cl\/index.php?rest_route=\/wp\/v2\/media\/2195"}],"wp:attachment":[{"href":"https:\/\/casabravo.cl\/index.php?rest_route=%2Fwp%2Fv2%2Fmedia&parent=2178"}],"curies":[{"name":"wp","href":"https:\/\/api.w.org\/{rel}","templated":true}]}}